{"id":4993,"date":"2023-05-18T11:46:48","date_gmt":"2023-05-18T09:46:48","guid":{"rendered":"https:\/\/tlconcept.eu\/isolering\/"},"modified":"2024-07-23T10:48:21","modified_gmt":"2024-07-23T08:48:21","slug":"isolering","status":"publish","type":"page","link":"https:\/\/tlconcept.eu\/da\/serviceydelser\/isolering\/","title":{"rendered":"Isolering"},"content":{"rendered":"\t\t<div data-elementor-type=\"wp-post\" data-elementor-id=\"4993\" class=\"elementor elementor-4993 elementor-2524\">\n\t\t\t\t\t\t<section class=\"elementor-section elementor-top-section elementor-element elementor-element-cf468ee elementor-section-height-min-height elementor-section-boxed elementor-section-height-default elementor-section-items-middle\" data-id=\"cf468ee\" data-element_type=\"section\" data-settings=\"{&quot;background_background&quot;:&quot;slideshow&quot;,&quot;background_slideshow_gallery&quot;:[{&quot;id&quot;:3967,&quot;url&quot;:&quot;https:\\\/\\\/tlconcept.eu\\\/wp-content\\\/uploads\\\/2023\\\/10\\\/HG-Bild-8-Isolierung.gif&quot;}],&quot;background_slideshow_loop&quot;:&quot;yes&quot;,&quot;background_slideshow_slide_duration&quot;:5000,&quot;background_slideshow_slide_transition&quot;:&quot;fade&quot;,&quot;background_slideshow_transition_duration&quot;:500}\">\n\t\t\t\t\t\t<div class=\"elementor-container elementor-column-gap-default\">\n\t\t\t\t\t<div class=\"elementor-column elementor-col-100 elementor-top-column elementor-element elementor-element-0e74fc4 elementor-invisible\" data-id=\"0e74fc4\" data-element_type=\"column\" data-settings=\"{&quot;animation&quot;:&quot;fadeIn&quot;}\">\n\t\t\t<div class=\"elementor-widget-wrap elementor-element-populated\">\n\t\t\t\t\t\t<div class=\"elementor-element elementor-element-aadaf36 elementor-invisible elementor-widget elementor-widget-text-editor\" data-id=\"aadaf36\" data-element_type=\"widget\" data-settings=\"{&quot;_animation&quot;:&quot;fadeIn&quot;}\" data-widget_type=\"text-editor.default\">\n\t\t\t\t<div class=\"elementor-widget-container\">\n\t\t\t\t\t\t\t\t\t<p>Isolering<\/p>\n<h3>Din ekspertpartner til kulde-, varme- og lydisolering<\/h3>\n\t\t\t\t\t\t\t\t<\/div>\n\t\t\t\t<\/div>\n\t\t\t\t<div class=\"elementor-element elementor-element-2568e39 elementor-mobile-align-center elementor-align-center elementor-invisible elementor-widget elementor-widget-button\" data-id=\"2568e39\" data-element_type=\"widget\" data-settings=\"{&quot;_animation&quot;:&quot;fadeInUp&quot;}\" data-widget_type=\"button.default\">\n\t\t\t\t<div class=\"elementor-widget-container\">\n\t\t\t\t\t\t\t\t\t<div class=\"elementor-button-wrapper\">\n\t\t\t\t\t<a class=\"elementor-button elementor-button-link elementor-size-md\" href=\"#Isolierung\">\n\t\t\t\t\t\t<span class=\"elementor-button-content-wrapper\">\n\t\t\t\t\t\t<span class=\"elementor-button-icon\">\n\t\t\t\t<i aria-hidden=\"true\" class=\"fas fa-angle-down\"><\/i>\t\t\t<\/span>\n\t\t\t\t\t\t\t\t\t<span class=\"elementor-button-text\">Mere om isolering<\/span>\n\t\t\t\t\t<\/span>\n\t\t\t\t\t<\/a>\n\t\t\t\t<\/div>\n\t\t\t\t\t\t\t\t<\/div>\n\t\t\t\t<\/div>\n\t\t\t\t\t<\/div>\n\t\t<\/div>\n\t\t\t\t\t<\/div>\n\t\t<\/section>\n\t\t<div class=\"elementor-element elementor-element-ab7c890 e-flex e-con-boxed e-con e-parent\" data-id=\"ab7c890\" data-element_type=\"container\" id=\"Isolierung\">\n\t\t\t\t\t<div class=\"e-con-inner\">\n\t\t\t\t<div class=\"elementor-element elementor-element-40fa780 elementor-invisible elementor-widget elementor-widget-text-editor\" data-id=\"40fa780\" data-element_type=\"widget\" data-settings=\"{&quot;_animation&quot;:&quot;fadeIn&quot;}\" data-widget_type=\"text-editor.default\">\n\t\t\t\t<div class=\"elementor-widget-container\">\n\t\t\t\t\t\t\t\t\t<h2>Optimerede isoleringssystemer til industrielle og kommercielle anl\u00e6g<\/h2>\n\t\t\t\t\t\t\t\t<\/div>\n\t\t\t\t<\/div>\n\t\t\t\t<div class=\"elementor-element elementor-element-32e692a elementor-invisible elementor-widget elementor-widget-text-editor\" data-id=\"32e692a\" data-element_type=\"widget\" data-settings=\"{&quot;_animation&quot;:&quot;fadeIn&quot;}\" data-widget_type=\"text-editor.default\">\n\t\t\t\t<div class=\"elementor-widget-container\">\n\t\t\t\t\t\t\t\t\t<p>Vi tilbyder dig holistiske, optimerede isoleringsl\u00f8sninger til kulde, varme og lyd.<br \/>\nUanset om det drejer sig om r\u00f8r, beholdere eller systemer, s\u00f8rger vi for, at temperaturen holdes inden for det rette omr\u00e5de for at forhindre varmetab eller kuldep\u00e5virkning. <\/p>\n\t\t\t\t\t\t\t\t<\/div>\n\t\t\t\t<\/div>\n\t\t\t\t\t<\/div>\n\t\t\t\t<\/div>\n\t\t<div class=\"elementor-element elementor-element-7ead9df e-flex e-con-boxed e-con e-parent\" data-id=\"7ead9df\" data-element_type=\"container\">\n\t\t\t\t\t<div class=\"e-con-inner\">\n\t\t<div class=\"elementor-element elementor-element-3617653 e-flex e-con-boxed e-con e-child\" data-id=\"3617653\" data-element_type=\"container\" data-settings=\"{&quot;background_background&quot;:&quot;classic&quot;}\">\n\t\t\t\t\t<div class=\"e-con-inner\">\n\t\t<div class=\"elementor-element elementor-element-a8bb21c e-con-full e-flex e-con e-child\" data-id=\"a8bb21c\" data-element_type=\"container\">\n\t\t\t\t<div class=\"elementor-element elementor-element-59a8218 elementor-invisible elementor-widget elementor-widget-image\" data-id=\"59a8218\" data-element_type=\"widget\" data-settings=\"{&quot;_animation&quot;:&quot;fadeIn&quot;}\" data-widget_type=\"image.default\">\n\t\t\t\t<div class=\"elementor-widget-container\">\n\t\t\t\t\t\t\t\t\t\t\t\t\t\t\t<img decoding=\"async\" src=\"https:\/\/tlconcept.eu\/wp-content\/uploads\/elementor\/thumbs\/Bild-3-qaa9nrjy0y328h0a84rjjlvncjjlq1yzu7wb945ets.jpeg\" title=\"Bild 3\" alt=\"Bild 3\" loading=\"lazy\" \/>\t\t\t\t\t\t\t\t\t\t\t\t\t\t\t<\/div>\n\t\t\t\t<\/div>\n\t\t\t\t<\/div>\n\t\t<div class=\"elementor-element elementor-element-11a29fc e-con-full e-flex e-con e-child\" data-id=\"11a29fc\" data-element_type=\"container\">\n\t\t\t\t<div class=\"elementor-element elementor-element-638c326 elementor-widget elementor-widget-image\" data-id=\"638c326\" data-element_type=\"widget\" data-widget_type=\"image.default\">\n\t\t\t\t<div class=\"elementor-widget-container\">\n\t\t\t\t\t\t\t\t\t\t\t\t\t\t\t<img decoding=\"async\" width=\"104\" height=\"104\" src=\"https:\/\/tlconcept.eu\/wp-content\/uploads\/2023\/05\/Isolierung.svg\" class=\"attachment-full size-full wp-image-4334\" alt=\"\" \/>\t\t\t\t\t\t\t\t\t\t\t\t\t\t\t<\/div>\n\t\t\t\t<\/div>\n\t\t\t\t<div class=\"elementor-element elementor-element-ae8dfad elementor-invisible elementor-widget elementor-widget-heading\" data-id=\"ae8dfad\" data-element_type=\"widget\" data-settings=\"{&quot;_animation&quot;:&quot;fadeIn&quot;}\" data-widget_type=\"heading.default\">\n\t\t\t\t<div class=\"elementor-widget-container\">\n\t\t\t\t\t<h3 class=\"elementor-heading-title elementor-size-default\">Effektive isoleringsl\u00f8sninger til kulde, varme og lyd<\/h3>\t\t\t\t<\/div>\n\t\t\t\t<\/div>\n\t\t\t\t<div class=\"elementor-element elementor-element-b8fc4d8 elementor-invisible elementor-widget elementor-widget-text-editor\" data-id=\"b8fc4d8\" data-element_type=\"widget\" data-settings=\"{&quot;_animation&quot;:&quot;fadeIn&quot;}\" data-widget_type=\"text-editor.default\">\n\t\t\t\t<div class=\"elementor-widget-container\">\n\t\t\t\t\t\t\t\t\t<p>Vi tilbyder dig skr\u00e6ddersyede l\u00f8sninger til kulde-, varme- og lydisolering, der er perfekt tilpasset dine behov.<br \/>\nVi bruger kun materialer af h\u00f8j kvalitet og moderne teknologier for at garantere de bedste resultater.<br \/>\nVi prioriterer altid effektivitet, b\u00e6redygtighed og omkostningseffektivitet.  <\/p>\n\t\t\t\t\t\t\t\t<\/div>\n\t\t\t\t<\/div>\n\t\t\t\t<div class=\"elementor-element elementor-element-b6435c8 elementor-icon-list--layout-traditional elementor-list-item-link-full_width elementor-widget elementor-widget-icon-list\" data-id=\"b6435c8\" data-element_type=\"widget\" data-widget_type=\"icon-list.default\">\n\t\t\t\t<div class=\"elementor-widget-container\">\n\t\t\t\t\t\t\t<ul class=\"elementor-icon-list-items\">\n\t\t\t\t\t\t\t<li class=\"elementor-icon-list-item\">\n\t\t\t\t\t\t\t\t\t\t\t<span class=\"elementor-icon-list-icon\">\n\t\t\t\t\t\t\t<i aria-hidden=\"true\" class=\"fas fa-check\"><\/i>\t\t\t\t\t\t<\/span>\n\t\t\t\t\t\t\t\t\t\t<span class=\"elementor-icon-list-text\">Kulde- og varmeisolering<\/span>\n\t\t\t\t\t\t\t\t\t<\/li>\n\t\t\t\t\t\t\t\t<li class=\"elementor-icon-list-item\">\n\t\t\t\t\t\t\t\t\t\t\t<span class=\"elementor-icon-list-icon\">\n\t\t\t\t\t\t\t<i aria-hidden=\"true\" class=\"fas fa-check\"><\/i>\t\t\t\t\t\t<\/span>\n\t\t\t\t\t\t\t\t\t\t<span class=\"elementor-icon-list-text\">Lyd- og st\u00f8jisolering<\/span>\n\t\t\t\t\t\t\t\t\t<\/li>\n\t\t\t\t\t\t<\/ul>\n\t\t\t\t\t\t<\/div>\n\t\t\t\t<\/div>\n\t\t\t\t<\/div>\n\t\t\t\t\t<\/div>\n\t\t\t\t<\/div>\n\t\t\t\t\t<\/div>\n\t\t\t\t<\/div>\n\t\t<div class=\"elementor-element elementor-element-08d6fa4 e-flex e-con-boxed e-con e-parent\" data-id=\"08d6fa4\" data-element_type=\"container\">\n\t\t\t\t\t<div class=\"e-con-inner\">\n\t\t<div class=\"elementor-element elementor-element-ebc805b e-flex e-con-boxed e-con e-child\" data-id=\"ebc805b\" data-element_type=\"container\">\n\t\t\t\t\t<div class=\"e-con-inner\">\n\t\t\t\t<div class=\"elementor-element elementor-element-c6e5c61 elementor-invisible elementor-widget elementor-widget-text-editor\" data-id=\"c6e5c61\" data-element_type=\"widget\" data-settings=\"{&quot;_animation&quot;:&quot;fadeIn&quot;}\" data-widget_type=\"text-editor.default\">\n\t\t\t\t<div class=\"elementor-widget-container\">\n\t\t\t\t\t\t\t\t\t<h2>REDUCER OMKOSTNINGERNE OG BESKYT MILJ\u00d8ET<\/h2>\n\t\t\t\t\t\t\t\t<\/div>\n\t\t\t\t<\/div>\n\t\t\t\t<div class=\"elementor-element elementor-element-e13b203 elementor-invisible elementor-widget elementor-widget-text-editor\" data-id=\"e13b203\" data-element_type=\"widget\" data-settings=\"{&quot;_animation&quot;:&quot;fadeIn&quot;}\" data-widget_type=\"text-editor.default\">\n\t\t\t\t<div class=\"elementor-widget-container\">\n\t\t\t\t\t\t\t\t\t<p class=\"p1\">Reducer omkostninger og milj\u00f8p\u00e5virkning med vores isolering<\/p>\n<p class=\"p1\">Vores h\u00f8jkvalitetsisolering giver dig en effektiv m\u00e5de at optimere energiforbruget p\u00e5 og samtidig minimere CO2-udledningen.<\/p>\n<p class=\"p1\">En skr\u00e6ddersyet l\u00f8sning til dit projekt giver dig mulighed for at reducere varme- og k\u00f8letab og dermed s\u00e6nke energibehovet i dine systemer og r\u00f8rsystemer.\nVed at minimere energitab kan du reducere dine driftsomkostninger betydeligt og opn\u00e5 langsigtede besparelser. <\/p>\n<p class=\"p1\">Du yder ogs\u00e5 et v\u00e6rdifuldt bidrag til milj\u00f8beskyttelse.\nEffektiv isolering hj\u00e6lper med at reducere energiforbruget, hvilket igen reducerer CO2-udledningen og det \u00f8kologiske fodaftryk fra dine faciliteter.\nVed at v\u00e6lge vores isolering viser du dit engagement i en mere b\u00e6redygtig fremtid.  <\/p>\t\t\t\t\t\t\t\t<\/div>\n\t\t\t\t<\/div>\n\t\t\t\t\t<\/div>\n\t\t\t\t<\/div>\n\t\t\t\t\t<\/div>\n\t\t\t\t<\/div>\n\t\t<div class=\"elementor-element elementor-element-ccd41a7 e-flex e-con-boxed e-con e-parent\" data-id=\"ccd41a7\" data-element_type=\"container\">\n\t\t\t\t\t<div class=\"e-con-inner\">\n\t\t<div class=\"elementor-element elementor-element-e0f530d e-flex e-con-boxed e-con e-child\" data-id=\"e0f530d\" data-element_type=\"container\" data-settings=\"{&quot;background_background&quot;:&quot;classic&quot;}\">\n\t\t\t\t\t<div class=\"e-con-inner\">\n\t\t<div class=\"elementor-element elementor-element-9e7ea56 e-con-full e-flex e-con e-child\" data-id=\"9e7ea56\" data-element_type=\"container\">\n\t\t\t\t<div class=\"elementor-element elementor-element-062b38f elementor-invisible elementor-widget elementor-widget-image\" data-id=\"062b38f\" data-element_type=\"widget\" data-settings=\"{&quot;_animation&quot;:&quot;fadeIn&quot;}\" data-widget_type=\"image.default\">\n\t\t\t\t<div class=\"elementor-widget-container\">\n\t\t\t\t\t\t\t\t\t\t\t\t\t\t\t\t<a href=\"https:\/\/tlconcept.eu\/kontakt\/\">\n\t\t\t\t\t\t\t<img decoding=\"async\" src=\"https:\/\/tlconcept.eu\/wp-content\/uploads\/elementor\/thumbs\/3-qbpi9g2adkgevl1uoupsov5oz8e9h8x6rtmrrls9xs.jpg\" title=\"3\" alt=\"3\" loading=\"lazy\" \/>\t\t\t\t\t\t\t\t<\/a>\n\t\t\t\t\t\t\t\t\t\t\t\t\t\t\t<\/div>\n\t\t\t\t<\/div>\n\t\t\t\t<\/div>\n\t\t<div class=\"elementor-element elementor-element-fb5352c e-con-full e-flex e-con e-child\" data-id=\"fb5352c\" data-element_type=\"container\">\n\t\t\t\t<div class=\"elementor-element elementor-element-961be3f elementor-invisible elementor-widget elementor-widget-heading\" data-id=\"961be3f\" data-element_type=\"widget\" data-settings=\"{&quot;_animation&quot;:&quot;fadeIn&quot;}\" data-widget_type=\"heading.default\">\n\t\t\t\t<div class=\"elementor-widget-container\">\n\t\t\t\t\t<h3 class=\"elementor-heading-title elementor-size-default\"><a href=\"https:\/\/tlconcept.eu\/kontakt\/\">Kom i gang i dag, og lad os sammen reducere omkostningerne og beskytte milj\u00f8et.  <\/a><\/h3>\t\t\t\t<\/div>\n\t\t\t\t<\/div>\n\t\t\t\t<div class=\"elementor-element elementor-element-bd013b7 elementor-invisible elementor-widget elementor-widget-text-editor\" data-id=\"bd013b7\" data-element_type=\"widget\" data-settings=\"{&quot;_animation&quot;:&quot;fadeIn&quot;}\" data-widget_type=\"text-editor.default\">\n\t\t\t\t<div class=\"elementor-widget-container\">\n\t\t\t\t\t\t\t\t\t<p><b>Vores isoleringsprodukter og -teknikker er specielt designet til at sikre h\u00f8j ydeevne og holdbarhed.<\/b> <\/p>\n<p>Vi bruger milj\u00f8venlige materialer, der lever op til de nyeste standarder og sikrer effektiv isolering.  <\/p>\n<p>Vores erfarne team st\u00e5r klar til at tilbyde dig den bedste isoleringsl\u00f8sning til dine individuelle behov.<\/p>\n\t\t\t\t\t\t\t\t<\/div>\n\t\t\t\t<\/div>\n\t\t\t\t<div class=\"elementor-element elementor-element-5632bef elementor-align-justify elementor-invisible elementor-widget elementor-widget-button\" data-id=\"5632bef\" data-element_type=\"widget\" data-settings=\"{&quot;_animation&quot;:&quot;fadeInUp&quot;}\" data-widget_type=\"button.default\">\n\t\t\t\t<div class=\"elementor-widget-container\">\n\t\t\t\t\t\t\t\t\t<div class=\"elementor-button-wrapper\">\n\t\t\t\t\t<a class=\"elementor-button elementor-button-link elementor-size-md\" href=\"https:\/\/tlconcept.eu\/kontakt\/\">\n\t\t\t\t\t\t<span class=\"elementor-button-content-wrapper\">\n\t\t\t\t\t\t<span class=\"elementor-button-icon\">\n\t\t\t\t<i aria-hidden=\"true\" class=\"fas fa-angle-right\"><\/i>\t\t\t<\/span>\n\t\t\t\t\t\t\t\t\t<span class=\"elementor-button-text\">Kontakt os nu<\/span>\n\t\t\t\t\t<\/span>\n\t\t\t\t\t<\/a>\n\t\t\t\t<\/div>\n\t\t\t\t\t\t\t\t<\/div>\n\t\t\t\t<\/div>\n\t\t\t\t<\/div>\n\t\t\t\t\t<\/div>\n\t\t\t\t<\/div>\n\t\t\t\t\t<\/div>\n\t\t\t\t<\/div>\n\t\t<div class=\"elementor-element elementor-element-de6647a e-flex e-con-boxed e-con e-parent\" data-id=\"de6647a\" data-element_type=\"container\">\n\t\t\t\t\t<div class=\"e-con-inner\">\n\t\t\t\t\t<\/div>\n\t\t\t\t<\/div>\n\t\t\t\t<\/div>\n\t\t","protected":false},"excerpt":{"rendered":"<p>Isolering Din ekspertpartner til kulde-, varme- og lydisolering Mere om isolering Optimerede isoleringssystemer til industrielle og kommercielle anl\u00e6g Vi tilbyder dig holistiske, optimerede isoleringsl\u00f8sninger til kulde, varme og lyd. Uanset om det drejer sig om r\u00f8r, beholdere eller systemer, s\u00f8rger vi for, at temperaturen holdes inden for det rette omr\u00e5de for at forhindre varmetab eller [&hellip;]<\/p>\n","protected":false},"author":1,"featured_media":0,"parent":5073,"menu_order":0,"comment_status":"closed","ping_status":"closed","template":"","meta":{"inline_featured_image":false,"footnotes":""},"class_list":["post-4993","page","type-page","status-publish","hentry"],"yoast_head":"<!-- This site is optimized with the Yoast SEO plugin v26.6 - https:\/\/yoast.com\/wordpress\/plugins\/seo\/ -->\n<title>Isolering - TL Concept GmbH<\/title>\n<meta name=\"robots\" content=\"index, follow, max-snippet:-1, max-image-preview:large, max-video-preview:-1\" \/>\n<link rel=\"canonical\" href=\"https:\/\/tlconcept.eu\/da\/serviceydelser\/isolering\/\" \/>\n<meta property=\"og:locale\" content=\"da_DK\" \/>\n<meta property=\"og:type\" content=\"article\" \/>\n<meta property=\"og:title\" content=\"Isolering - TL Concept GmbH\" \/>\n<meta property=\"og:description\" content=\"Isolering Din ekspertpartner til kulde-, varme- og lydisolering Mere om isolering Optimerede isoleringssystemer til industrielle og kommercielle anl\u00e6g Vi tilbyder dig holistiske, optimerede isoleringsl\u00f8sninger til kulde, varme og lyd. Uanset om det drejer sig om r\u00f8r, beholdere eller systemer, s\u00f8rger vi for, at temperaturen holdes inden for det rette omr\u00e5de for at forhindre varmetab eller [&hellip;]\" \/>\n<meta property=\"og:url\" content=\"https:\/\/tlconcept.eu\/da\/serviceydelser\/isolering\/\" \/>\n<meta property=\"og:site_name\" content=\"TL Concept GmbH\" \/>\n<meta property=\"article:modified_time\" content=\"2024-07-23T08:48:21+00:00\" \/>\n<meta property=\"og:image\" content=\"https:\/\/tlconcept.eu\/wp-content\/uploads\/elementor\/thumbs\/Bild-3-qaa9nrjy0y328h0a84rjjlvncjjlq1yzu7wb945ets.jpeg\" \/>\n<meta name=\"twitter:card\" content=\"summary_large_image\" \/>\n<meta name=\"twitter:label1\" content=\"Estimeret l\u00e6setid\" \/>\n\t<meta name=\"twitter:data1\" content=\"2 minutter\" \/>\n<script type=\"application\/ld+json\" class=\"yoast-schema-graph\">{\"@context\":\"https:\/\/schema.org\",\"@graph\":[{\"@type\":\"WebPage\",\"@id\":\"https:\/\/tlconcept.eu\/da\/serviceydelser\/isolering\/\",\"url\":\"https:\/\/tlconcept.eu\/da\/serviceydelser\/isolering\/\",\"name\":\"Isolering - TL Concept GmbH\",\"isPartOf\":{\"@id\":\"https:\/\/tlconcept.eu\/da\/#website\"},\"primaryImageOfPage\":{\"@id\":\"https:\/\/tlconcept.eu\/da\/serviceydelser\/isolering\/#primaryimage\"},\"image\":{\"@id\":\"https:\/\/tlconcept.eu\/da\/serviceydelser\/isolering\/#primaryimage\"},\"thumbnailUrl\":\"https:\/\/tlconcept.eu\/wp-content\/uploads\/elementor\/thumbs\/Bild-3-qaa9nrjy0y328h0a84rjjlvncjjlq1yzu7wb945ets.jpeg\",\"datePublished\":\"2023-05-18T09:46:48+00:00\",\"dateModified\":\"2024-07-23T08:48:21+00:00\",\"breadcrumb\":{\"@id\":\"https:\/\/tlconcept.eu\/da\/serviceydelser\/isolering\/#breadcrumb\"},\"inLanguage\":\"da-DK\",\"potentialAction\":[{\"@type\":\"ReadAction\",\"target\":[\"https:\/\/tlconcept.eu\/da\/serviceydelser\/isolering\/\"]}]},{\"@type\":\"ImageObject\",\"inLanguage\":\"da-DK\",\"@id\":\"https:\/\/tlconcept.eu\/da\/serviceydelser\/isolering\/#primaryimage\",\"url\":\"https:\/\/tlconcept.eu\/wp-content\/uploads\/elementor\/thumbs\/Bild-3-qaa9nrjy0y328h0a84rjjlvncjjlq1yzu7wb945ets.jpeg\",\"contentUrl\":\"https:\/\/tlconcept.eu\/wp-content\/uploads\/elementor\/thumbs\/Bild-3-qaa9nrjy0y328h0a84rjjlvncjjlq1yzu7wb945ets.jpeg\"},{\"@type\":\"BreadcrumbList\",\"@id\":\"https:\/\/tlconcept.eu\/da\/serviceydelser\/isolering\/#breadcrumb\",\"itemListElement\":[{\"@type\":\"ListItem\",\"position\":1,\"name\":\"Startseite\",\"item\":\"https:\/\/tlconcept.eu\/da\/startseite\/\"},{\"@type\":\"ListItem\",\"position\":2,\"name\":\"Serviceydelser\",\"item\":\"https:\/\/tlconcept.eu\/da\/serviceydelser\/\"},{\"@type\":\"ListItem\",\"position\":3,\"name\":\"Isolering\"}]},{\"@type\":\"WebSite\",\"@id\":\"https:\/\/tlconcept.eu\/da\/#website\",\"url\":\"https:\/\/tlconcept.eu\/da\/\",\"name\":\"TL Concept GmbH\",\"description\":\"\",\"publisher\":{\"@id\":\"https:\/\/tlconcept.eu\/da\/#organization\"},\"potentialAction\":[{\"@type\":\"SearchAction\",\"target\":{\"@type\":\"EntryPoint\",\"urlTemplate\":\"https:\/\/tlconcept.eu\/da\/?s={search_term_string}\"},\"query-input\":{\"@type\":\"PropertyValueSpecification\",\"valueRequired\":true,\"valueName\":\"search_term_string\"}}],\"inLanguage\":\"da-DK\"},{\"@type\":\"Organization\",\"@id\":\"https:\/\/tlconcept.eu\/da\/#organization\",\"name\":\"TL Concept GmbH\",\"url\":\"https:\/\/tlconcept.eu\/da\/\",\"logo\":{\"@type\":\"ImageObject\",\"inLanguage\":\"da-DK\",\"@id\":\"https:\/\/tlconcept.eu\/da\/#\/schema\/logo\/image\/\",\"url\":\"https:\/\/tlconcept.eu\/wp-content\/uploads\/2023\/07\/TL-Concept-GmbH-Logo.png\",\"contentUrl\":\"https:\/\/tlconcept.eu\/wp-content\/uploads\/2023\/07\/TL-Concept-GmbH-Logo.png\",\"width\":1400,\"height\":308,\"caption\":\"TL Concept GmbH\"},\"image\":{\"@id\":\"https:\/\/tlconcept.eu\/da\/#\/schema\/logo\/image\/\"}}]}<\/script>\n<!-- \/ Yoast SEO plugin. -->","yoast_head_json":{"title":"Isolering - TL Concept GmbH","robots":{"index":"index","follow":"follow","max-snippet":"max-snippet:-1","max-image-preview":"max-image-preview:large","max-video-preview":"max-video-preview:-1"},"canonical":"https:\/\/tlconcept.eu\/da\/serviceydelser\/isolering\/","og_locale":"da_DK","og_type":"article","og_title":"Isolering - TL Concept GmbH","og_description":"Isolering Din ekspertpartner til kulde-, varme- og lydisolering Mere om isolering Optimerede isoleringssystemer til industrielle og kommercielle anl\u00e6g Vi tilbyder dig holistiske, optimerede isoleringsl\u00f8sninger til kulde, varme og lyd. Uanset om det drejer sig om r\u00f8r, beholdere eller systemer, s\u00f8rger vi for, at temperaturen holdes inden for det rette omr\u00e5de for at forhindre varmetab eller [&hellip;]","og_url":"https:\/\/tlconcept.eu\/da\/serviceydelser\/isolering\/","og_site_name":"TL Concept GmbH","article_modified_time":"2024-07-23T08:48:21+00:00","og_image":[{"url":"https:\/\/tlconcept.eu\/wp-content\/uploads\/elementor\/thumbs\/Bild-3-qaa9nrjy0y328h0a84rjjlvncjjlq1yzu7wb945ets.jpeg","type":"","width":"","height":""}],"twitter_card":"summary_large_image","twitter_misc":{"Estimeret l\u00e6setid":"2 minutter"},"schema":{"@context":"https:\/\/schema.org","@graph":[{"@type":"WebPage","@id":"https:\/\/tlconcept.eu\/da\/serviceydelser\/isolering\/","url":"https:\/\/tlconcept.eu\/da\/serviceydelser\/isolering\/","name":"Isolering - TL Concept GmbH","isPartOf":{"@id":"https:\/\/tlconcept.eu\/da\/#website"},"primaryImageOfPage":{"@id":"https:\/\/tlconcept.eu\/da\/serviceydelser\/isolering\/#primaryimage"},"image":{"@id":"https:\/\/tlconcept.eu\/da\/serviceydelser\/isolering\/#primaryimage"},"thumbnailUrl":"https:\/\/tlconcept.eu\/wp-content\/uploads\/elementor\/thumbs\/Bild-3-qaa9nrjy0y328h0a84rjjlvncjjlq1yzu7wb945ets.jpeg","datePublished":"2023-05-18T09:46:48+00:00","dateModified":"2024-07-23T08:48:21+00:00","breadcrumb":{"@id":"https:\/\/tlconcept.eu\/da\/serviceydelser\/isolering\/#breadcrumb"},"inLanguage":"da-DK","potentialAction":[{"@type":"ReadAction","target":["https:\/\/tlconcept.eu\/da\/serviceydelser\/isolering\/"]}]},{"@type":"ImageObject","inLanguage":"da-DK","@id":"https:\/\/tlconcept.eu\/da\/serviceydelser\/isolering\/#primaryimage","url":"https:\/\/tlconcept.eu\/wp-content\/uploads\/elementor\/thumbs\/Bild-3-qaa9nrjy0y328h0a84rjjlvncjjlq1yzu7wb945ets.jpeg","contentUrl":"https:\/\/tlconcept.eu\/wp-content\/uploads\/elementor\/thumbs\/Bild-3-qaa9nrjy0y328h0a84rjjlvncjjlq1yzu7wb945ets.jpeg"},{"@type":"BreadcrumbList","@id":"https:\/\/tlconcept.eu\/da\/serviceydelser\/isolering\/#breadcrumb","itemListElement":[{"@type":"ListItem","position":1,"name":"Startseite","item":"https:\/\/tlconcept.eu\/da\/startseite\/"},{"@type":"ListItem","position":2,"name":"Serviceydelser","item":"https:\/\/tlconcept.eu\/da\/serviceydelser\/"},{"@type":"ListItem","position":3,"name":"Isolering"}]},{"@type":"WebSite","@id":"https:\/\/tlconcept.eu\/da\/#website","url":"https:\/\/tlconcept.eu\/da\/","name":"TL Concept GmbH","description":"","publisher":{"@id":"https:\/\/tlconcept.eu\/da\/#organization"},"potentialAction":[{"@type":"SearchAction","target":{"@type":"EntryPoint","urlTemplate":"https:\/\/tlconcept.eu\/da\/?s={search_term_string}"},"query-input":{"@type":"PropertyValueSpecification","valueRequired":true,"valueName":"search_term_string"}}],"inLanguage":"da-DK"},{"@type":"Organization","@id":"https:\/\/tlconcept.eu\/da\/#organization","name":"TL Concept GmbH","url":"https:\/\/tlconcept.eu\/da\/","logo":{"@type":"ImageObject","inLanguage":"da-DK","@id":"https:\/\/tlconcept.eu\/da\/#\/schema\/logo\/image\/","url":"https:\/\/tlconcept.eu\/wp-content\/uploads\/2023\/07\/TL-Concept-GmbH-Logo.png","contentUrl":"https:\/\/tlconcept.eu\/wp-content\/uploads\/2023\/07\/TL-Concept-GmbH-Logo.png","width":1400,"height":308,"caption":"TL Concept GmbH"},"image":{"@id":"https:\/\/tlconcept.eu\/da\/#\/schema\/logo\/image\/"}}]}},"_links":{"self":[{"href":"https:\/\/tlconcept.eu\/da\/wp-json\/wp\/v2\/pages\/4993","targetHints":{"allow":["GET"]}}],"collection":[{"href":"https:\/\/tlconcept.eu\/da\/wp-json\/wp\/v2\/pages"}],"about":[{"href":"https:\/\/tlconcept.eu\/da\/wp-json\/wp\/v2\/types\/page"}],"author":[{"embeddable":true,"href":"https:\/\/tlconcept.eu\/da\/wp-json\/wp\/v2\/users\/1"}],"replies":[{"embeddable":true,"href":"https:\/\/tlconcept.eu\/da\/wp-json\/wp\/v2\/comments?post=4993"}],"version-history":[{"count":3,"href":"https:\/\/tlconcept.eu\/da\/wp-json\/wp\/v2\/pages\/4993\/revisions"}],"predecessor-version":[{"id":5003,"href":"https:\/\/tlconcept.eu\/da\/wp-json\/wp\/v2\/pages\/4993\/revisions\/5003"}],"up":[{"embeddable":true,"href":"https:\/\/tlconcept.eu\/da\/wp-json\/wp\/v2\/pages\/5073"}],"wp:attachment":[{"href":"https:\/\/tlconcept.eu\/da\/wp-json\/wp\/v2\/media?parent=4993"}],"curies":[{"name":"wp","href":"https:\/\/api.w.org\/{rel}","templated":true}]}}