{"id":5106,"date":"2023-05-16T18:42:27","date_gmt":"2023-05-16T16:42:27","guid":{"rendered":"https:\/\/tlconcept.eu\/kontakt-os\/"},"modified":"2024-07-23T15:21:26","modified_gmt":"2024-07-23T13:21:26","slug":"kontakt-os","status":"publish","type":"page","link":"https:\/\/tlconcept.eu\/da\/kontakt-os\/","title":{"rendered":"Kontakt os"},"content":{"rendered":"\t\t<div data-elementor-type=\"wp-post\" data-elementor-id=\"5106\" class=\"elementor elementor-5106 elementor-2280\">\n\t\t\t\t\t\t<section class=\"elementor-section elementor-top-section elementor-element elementor-element-cf468ee elementor-section-height-min-height elementor-section-boxed elementor-section-height-default elementor-section-items-middle\" data-id=\"cf468ee\" data-element_type=\"section\" data-settings=\"{&quot;background_background&quot;:&quot;classic&quot;}\">\n\t\t\t\t\t\t<div class=\"elementor-container elementor-column-gap-default\">\n\t\t\t\t\t<div class=\"elementor-column elementor-col-100 elementor-top-column elementor-element elementor-element-0e74fc4 elementor-invisible\" data-id=\"0e74fc4\" data-element_type=\"column\" data-settings=\"{&quot;animation&quot;:&quot;fadeIn&quot;}\">\n\t\t\t<div class=\"elementor-widget-wrap elementor-element-populated\">\n\t\t\t\t\t\t<div class=\"elementor-element elementor-element-aadaf36 elementor-invisible elementor-widget elementor-widget-text-editor\" data-id=\"aadaf36\" data-element_type=\"widget\" data-settings=\"{&quot;_animation&quot;:&quot;fadeIn&quot;}\" data-widget_type=\"text-editor.default\">\n\t\t\t\t<div class=\"elementor-widget-container\">\n\t\t\t\t\t\t\t\t\t<p><strong>Kontakt os<\/strong><\/p>\n<h2>S\u00e5dan kan du n\u00e5 os<\/h2>\n\t\t\t\t\t\t\t\t<\/div>\n\t\t\t\t<\/div>\n\t\t\t\t<div class=\"elementor-element elementor-element-2568e39 elementor-mobile-align-center elementor-align-center elementor-invisible elementor-widget elementor-widget-button\" data-id=\"2568e39\" data-element_type=\"widget\" data-settings=\"{&quot;_animation&quot;:&quot;fadeInUp&quot;}\" data-widget_type=\"button.default\">\n\t\t\t\t<div class=\"elementor-widget-container\">\n\t\t\t\t\t\t\t\t\t<div class=\"elementor-button-wrapper\">\n\t\t\t\t\t<a class=\"elementor-button elementor-button-link elementor-size-md\" href=\"#kontakt\">\n\t\t\t\t\t\t<span class=\"elementor-button-content-wrapper\">\n\t\t\t\t\t\t<span class=\"elementor-button-icon\">\n\t\t\t\t<i aria-hidden=\"true\" class=\"fas fa-angle-down\"><\/i>\t\t\t<\/span>\n\t\t\t\t\t\t\t\t\t<span class=\"elementor-button-text\">TIL KONTAKTFORMULAREN<\/span>\n\t\t\t\t\t<\/span>\n\t\t\t\t\t<\/a>\n\t\t\t\t<\/div>\n\t\t\t\t\t\t\t\t<\/div>\n\t\t\t\t<\/div>\n\t\t\t\t\t<\/div>\n\t\t<\/div>\n\t\t\t\t\t<\/div>\n\t\t<\/section>\n\t\t<div class=\"elementor-element elementor-element-ab7c890 e-flex e-con-boxed e-con e-parent\" data-id=\"ab7c890\" data-element_type=\"container\" id=\"kontakt\">\n\t\t\t\t\t<div class=\"e-con-inner\">\n\t\t\t\t<div class=\"elementor-element elementor-element-db5d6a9 elementor-invisible elementor-widget elementor-widget-text-editor\" data-id=\"db5d6a9\" data-element_type=\"widget\" data-settings=\"{&quot;_animation&quot;:&quot;fadeIn&quot;}\" data-widget_type=\"text-editor.default\">\n\t\t\t\t<div class=\"elementor-widget-container\">\n\t\t\t\t\t\t\t\t\t<p>TLC-KONCEPTETS KONTAKTMULIGHEDER<\/p>\n\t\t\t\t\t\t\t\t<\/div>\n\t\t\t\t<\/div>\n\t\t\t\t<div class=\"elementor-element elementor-element-32e692a elementor-invisible elementor-widget elementor-widget-text-editor\" data-id=\"32e692a\" data-element_type=\"widget\" data-settings=\"{&quot;_animation&quot;:&quot;fadeIn&quot;}\" data-widget_type=\"text-editor.default\">\n\t\t\t\t<div class=\"elementor-widget-container\">\n\t\t\t\t\t\t\t\t\t<h2>Kontakt os for at f\u00e5 skr\u00e6ddersyede l\u00f8sninger og professionel r\u00e5dgivning.<\/h2>\n<p>Vi har i mange \u00e5r udf\u00f8rt isolerings-, brandsikrings- og ventilationsarbejde for dig i hele Tyskland og andre europ\u00e6iske lande.<\/p>\n\t\t\t\t\t\t\t\t<\/div>\n\t\t\t\t<\/div>\n\t\t<div class=\"elementor-element elementor-element-c00deef e-flex e-con-boxed e-con e-child\" data-id=\"c00deef\" data-element_type=\"container\">\n\t\t\t\t\t<div class=\"e-con-inner\">\n\t\t<div class=\"elementor-element elementor-element-4de387c e-flex e-con-boxed e-con e-child\" data-id=\"4de387c\" data-element_type=\"container\" data-settings=\"{&quot;background_background&quot;:&quot;classic&quot;}\">\n\t\t\t\t\t<div class=\"e-con-inner\">\n\t\t<div class=\"elementor-element elementor-element-d2bd64b e-con-full e-flex e-con e-child\" data-id=\"d2bd64b\" data-element_type=\"container\">\n\t\t\t\t<div class=\"elementor-element elementor-element-98a75c5 elementor-view-default elementor-widget elementor-widget-icon\" data-id=\"98a75c5\" data-element_type=\"widget\" data-widget_type=\"icon.default\">\n\t\t\t\t<div class=\"elementor-widget-container\">\n\t\t\t\t\t\t\t<div class=\"elementor-icon-wrapper\">\n\t\t\t<div class=\"elementor-icon\">\n\t\t\t<i aria-hidden=\"true\" class=\"fas fa-users\"><\/i>\t\t\t<\/div>\n\t\t<\/div>\n\t\t\t\t\t\t<\/div>\n\t\t\t\t<\/div>\n\t\t\t\t<div class=\"elementor-element elementor-element-e44c37f elementor-invisible elementor-widget elementor-widget-heading\" data-id=\"e44c37f\" data-element_type=\"widget\" data-settings=\"{&quot;_animation&quot;:&quot;fadeIn&quot;}\" data-widget_type=\"heading.default\">\n\t\t\t\t<div class=\"elementor-widget-container\">\n\t\t\t\t\t<h3 class=\"elementor-heading-title elementor-size-default\"><br> Hvordan kan vi hj\u00e6lpe dig?<\/h3>\t\t\t\t<\/div>\n\t\t\t\t<\/div>\n\t\t\t\t<div class=\"elementor-element elementor-element-be27a4e elementor-invisible elementor-widget elementor-widget-text-editor\" data-id=\"be27a4e\" data-element_type=\"widget\" data-settings=\"{&quot;_animation&quot;:&quot;fadeIn&quot;}\" data-widget_type=\"text-editor.default\">\n\t\t\t\t<div class=\"elementor-widget-container\">\n\t\t\t\t\t\t\t\t\t<p>Kontakt os direkte via vores kontaktformular.<br \/>\nDin kompetente kontaktperson inden for isolering, brandsikring, ventilationsteknik og pladebearbejdning <\/p>\n\t\t\t\t\t\t\t\t<\/div>\n\t\t\t\t<\/div>\n\t\t\t\t<div class=\"elementor-element elementor-element-14bb924 elementor-invisible elementor-widget elementor-widget-text-editor\" data-id=\"14bb924\" data-element_type=\"widget\" data-settings=\"{&quot;_animation&quot;:&quot;fadeIn&quot;}\" data-widget_type=\"text-editor.default\">\n\t\t\t\t<div class=\"elementor-widget-container\">\n\t\t\t\t\t\t\t\t\t<p class=\"wpcf7-contact-form-not-found\"><strong>Fejl:<\/strong> Kontaktformular ikke fundet.<\/p>\t\t\t\t\t\t\t\t<\/div>\n\t\t\t\t<\/div>\n\t\t\t\t<\/div>\n\t\t<div class=\"elementor-element elementor-element-563e57b e-con-full e-flex e-con e-child\" data-id=\"563e57b\" data-element_type=\"container\">\n\t\t\t\t<div class=\"elementor-element elementor-element-dd0990c elementor-widget elementor-widget-image\" data-id=\"dd0990c\" data-element_type=\"widget\" data-widget_type=\"image.default\">\n\t\t\t\t<div class=\"elementor-widget-container\">\n\t\t\t\t\t\t\t\t\t\t\t\t\t\t\t<img fetchpriority=\"high\" decoding=\"async\" width=\"800\" height=\"534\" src=\"https:\/\/tlconcept.eu\/wp-content\/uploads\/2023\/08\/Bild-12-1024x683.jpg\" class=\"attachment-large size-large wp-image-4714\" alt=\"\" srcset=\"https:\/\/tlconcept.eu\/wp-content\/uploads\/2023\/08\/Bild-12-1024x683.jpg 1024w, https:\/\/tlconcept.eu\/wp-content\/uploads\/2023\/08\/Bild-12-300x200.jpg 300w, https:\/\/tlconcept.eu\/wp-content\/uploads\/2023\/08\/Bild-12-768x512.jpg 768w, https:\/\/tlconcept.eu\/wp-content\/uploads\/2023\/08\/Bild-12-1536x1024.jpg 1536w, https:\/\/tlconcept.eu\/wp-content\/uploads\/2023\/08\/Bild-12-2048x1365.jpg 2048w\" sizes=\"(max-width: 800px) 100vw, 800px\" \/>\t\t\t\t\t\t\t\t\t\t\t\t\t\t\t<\/div>\n\t\t\t\t<\/div>\n\t\t\t\t<div class=\"elementor-element elementor-element-c6f87ad elementor-invisible elementor-widget elementor-widget-text-editor\" data-id=\"c6f87ad\" data-element_type=\"widget\" data-settings=\"{&quot;_animation&quot;:&quot;fadeIn&quot;}\" data-widget_type=\"text-editor.default\">\n\t\t\t\t<div class=\"elementor-widget-container\">\n\t\t\t\t\t\t\t\t\t<p>Kontakt os direkte via vores kontaktformular.<br \/>\nDin kompetente kontaktperson inden for isolering, brandsikring, ventilationsteknik og pladebearbejdning <\/p>\n\t\t\t\t\t\t\t\t<\/div>\n\t\t\t\t<\/div>\n\t\t<div class=\"elementor-element elementor-element-8f48f4f e-flex e-con-boxed e-con e-child\" data-id=\"8f48f4f\" data-element_type=\"container\">\n\t\t\t\t\t<div class=\"e-con-inner\">\n\t\t<div class=\"elementor-element elementor-element-3287360 e-con-full e-flex e-con e-child\" data-id=\"3287360\" data-element_type=\"container\">\n\t\t\t\t<div class=\"elementor-element elementor-element-957abe5 elementor-view-default elementor-widget elementor-widget-icon\" data-id=\"957abe5\" data-element_type=\"widget\" data-widget_type=\"icon.default\">\n\t\t\t\t<div class=\"elementor-widget-container\">\n\t\t\t\t\t\t\t<div class=\"elementor-icon-wrapper\">\n\t\t\t<div class=\"elementor-icon\">\n\t\t\t<i aria-hidden=\"true\" class=\"fas fa-phone-volume\"><\/i>\t\t\t<\/div>\n\t\t<\/div>\n\t\t\t\t\t\t<\/div>\n\t\t\t\t<\/div>\n\t\t\t\t<\/div>\n\t\t<div class=\"elementor-element elementor-element-098d195 e-flex e-con-boxed e-con e-child\" data-id=\"098d195\" data-element_type=\"container\">\n\t\t\t\t\t<div class=\"e-con-inner\">\n\t\t\t\t<div class=\"elementor-element elementor-element-794ef7c elementor-invisible elementor-widget elementor-widget-text-editor\" data-id=\"794ef7c\" data-element_type=\"widget\" data-settings=\"{&quot;_animation&quot;:&quot;fadeIn&quot;}\" data-widget_type=\"text-editor.default\">\n\t\t\t\t<div class=\"elementor-widget-container\">\n\t\t\t\t\t\t\t\t\t<p><strong>RING TIL OS P\u00c5<br \/><\/strong><a href=\"tel:+493520439240\">+49 (0) 35204 39 24-0<\/a><\/p>\n\t\t\t\t\t\t\t\t<\/div>\n\t\t\t\t<\/div>\n\t\t\t\t\t<\/div>\n\t\t\t\t<\/div>\n\t\t\t\t\t<\/div>\n\t\t\t\t<\/div>\n\t\t<div class=\"elementor-element elementor-element-c066ef6 e-flex e-con-boxed e-con e-child\" data-id=\"c066ef6\" data-element_type=\"container\">\n\t\t\t\t\t<div class=\"e-con-inner\">\n\t\t<div class=\"elementor-element elementor-element-b3d2d7b e-con-full e-flex e-con e-child\" data-id=\"b3d2d7b\" data-element_type=\"container\">\n\t\t\t\t<div class=\"elementor-element elementor-element-b7c5938 elementor-view-default elementor-widget elementor-widget-icon\" data-id=\"b7c5938\" data-element_type=\"widget\" data-widget_type=\"icon.default\">\n\t\t\t\t<div class=\"elementor-widget-container\">\n\t\t\t\t\t\t\t<div class=\"elementor-icon-wrapper\">\n\t\t\t<div class=\"elementor-icon\">\n\t\t\t<i aria-hidden=\"true\" class=\"fas fa-envelope-open-text\"><\/i>\t\t\t<\/div>\n\t\t<\/div>\n\t\t\t\t\t\t<\/div>\n\t\t\t\t<\/div>\n\t\t\t\t<\/div>\n\t\t<div class=\"elementor-element elementor-element-383e147 e-flex e-con-boxed e-con e-child\" data-id=\"383e147\" data-element_type=\"container\">\n\t\t\t\t\t<div class=\"e-con-inner\">\n\t\t\t\t<div class=\"elementor-element elementor-element-c6ad429 elementor-invisible elementor-widget elementor-widget-text-editor\" data-id=\"c6ad429\" data-element_type=\"widget\" data-settings=\"{&quot;_animation&quot;:&quot;fadeIn&quot;}\" data-widget_type=\"text-editor.default\">\n\t\t\t\t<div class=\"elementor-widget-container\">\n\t\t\t\t\t\t\t\t\t<p><strong>SKRIV MAIL<br \/><\/strong><a href=\"mailto:info@tlconcept.eu\">info@tlconcept.eu<\/a><\/p>\n\t\t\t\t\t\t\t\t<\/div>\n\t\t\t\t<\/div>\n\t\t\t\t\t<\/div>\n\t\t\t\t<\/div>\n\t\t\t\t\t<\/div>\n\t\t\t\t<\/div>\n\t\t\t\t<\/div>\n\t\t\t\t\t<\/div>\n\t\t\t\t<\/div>\n\t\t\t\t\t<\/div>\n\t\t\t\t<\/div>\n\t\t\t\t\t<\/div>\n\t\t\t\t<\/div>\n\t\t\t\t<\/div>\n\t\t","protected":false},"excerpt":{"rendered":"<p>Kontakt os S\u00e5dan kan du n\u00e5 os TIL KONTAKTFORMULAREN TLC-KONCEPTETS KONTAKTMULIGHEDER Kontakt os for at f\u00e5 skr\u00e6ddersyede l\u00f8sninger og professionel r\u00e5dgivning. Vi har i mange \u00e5r udf\u00f8rt isolerings-, brandsikrings- og ventilationsarbejde for dig i hele Tyskland og andre europ\u00e6iske lande. Hvordan kan vi hj\u00e6lpe dig? Kontakt os direkte via vores kontaktformular. Din kompetente kontaktperson inden [&hellip;]<\/p>\n","protected":false},"author":1,"featured_media":0,"parent":0,"menu_order":0,"comment_status":"closed","ping_status":"closed","template":"","meta":{"inline_featured_image":false,"footnotes":""},"class_list":["post-5106","page","type-page","status-publish","hentry"],"yoast_head":"<!-- This site is optimized with the Yoast SEO plugin v26.6 - https:\/\/yoast.com\/wordpress\/plugins\/seo\/ -->\n<title>Kontakt os - TL Concept GmbH<\/title>\n<meta name=\"robots\" content=\"index, follow, max-snippet:-1, max-image-preview:large, max-video-preview:-1\" \/>\n<link rel=\"canonical\" href=\"https:\/\/tlconcept.eu\/da\/kontakt-os\/\" \/>\n<meta property=\"og:locale\" content=\"da_DK\" \/>\n<meta property=\"og:type\" content=\"article\" \/>\n<meta property=\"og:title\" content=\"Kontakt os - TL Concept GmbH\" \/>\n<meta property=\"og:description\" content=\"Kontakt os S\u00e5dan kan du n\u00e5 os TIL KONTAKTFORMULAREN TLC-KONCEPTETS KONTAKTMULIGHEDER Kontakt os for at f\u00e5 skr\u00e6ddersyede l\u00f8sninger og professionel r\u00e5dgivning. Vi har i mange \u00e5r udf\u00f8rt isolerings-, brandsikrings- og ventilationsarbejde for dig i hele Tyskland og andre europ\u00e6iske lande. Hvordan kan vi hj\u00e6lpe dig? Kontakt os direkte via vores kontaktformular. Din kompetente kontaktperson inden [&hellip;]\" \/>\n<meta property=\"og:url\" content=\"https:\/\/tlconcept.eu\/da\/kontakt-os\/\" \/>\n<meta property=\"og:site_name\" content=\"TL Concept GmbH\" \/>\n<meta property=\"article:modified_time\" content=\"2024-07-23T13:21:26+00:00\" \/>\n<meta property=\"og:image\" content=\"https:\/\/tlconcept.eu\/wp-content\/uploads\/2023\/08\/Bild-12-1024x683.jpg\" \/>\n<meta name=\"twitter:card\" content=\"summary_large_image\" \/>\n<meta name=\"twitter:label1\" content=\"Estimeret l\u00e6setid\" \/>\n\t<meta name=\"twitter:data1\" content=\"1 minut\" \/>\n<script type=\"application\/ld+json\" class=\"yoast-schema-graph\">{\"@context\":\"https:\/\/schema.org\",\"@graph\":[{\"@type\":\"WebPage\",\"@id\":\"https:\/\/tlconcept.eu\/da\/kontakt-os\/\",\"url\":\"https:\/\/tlconcept.eu\/da\/kontakt-os\/\",\"name\":\"Kontakt os - TL Concept GmbH\",\"isPartOf\":{\"@id\":\"https:\/\/tlconcept.eu\/da\/#website\"},\"primaryImageOfPage\":{\"@id\":\"https:\/\/tlconcept.eu\/da\/kontakt-os\/#primaryimage\"},\"image\":{\"@id\":\"https:\/\/tlconcept.eu\/da\/kontakt-os\/#primaryimage\"},\"thumbnailUrl\":\"https:\/\/tlconcept.eu\/wp-content\/uploads\/2023\/08\/Bild-12-1024x683.jpg\",\"datePublished\":\"2023-05-16T16:42:27+00:00\",\"dateModified\":\"2024-07-23T13:21:26+00:00\",\"breadcrumb\":{\"@id\":\"https:\/\/tlconcept.eu\/da\/kontakt-os\/#breadcrumb\"},\"inLanguage\":\"da-DK\",\"potentialAction\":[{\"@type\":\"ReadAction\",\"target\":[\"https:\/\/tlconcept.eu\/da\/kontakt-os\/\"]}]},{\"@type\":\"ImageObject\",\"inLanguage\":\"da-DK\",\"@id\":\"https:\/\/tlconcept.eu\/da\/kontakt-os\/#primaryimage\",\"url\":\"https:\/\/tlconcept.eu\/wp-content\/uploads\/2023\/08\/Bild-12-1024x683.jpg\",\"contentUrl\":\"https:\/\/tlconcept.eu\/wp-content\/uploads\/2023\/08\/Bild-12-1024x683.jpg\"},{\"@type\":\"BreadcrumbList\",\"@id\":\"https:\/\/tlconcept.eu\/da\/kontakt-os\/#breadcrumb\",\"itemListElement\":[{\"@type\":\"ListItem\",\"position\":1,\"name\":\"Startseite\",\"item\":\"https:\/\/tlconcept.eu\/da\/startseite\/\"},{\"@type\":\"ListItem\",\"position\":2,\"name\":\"Kontakt os\"}]},{\"@type\":\"WebSite\",\"@id\":\"https:\/\/tlconcept.eu\/da\/#website\",\"url\":\"https:\/\/tlconcept.eu\/da\/\",\"name\":\"TL Concept GmbH\",\"description\":\"\",\"publisher\":{\"@id\":\"https:\/\/tlconcept.eu\/da\/#organization\"},\"potentialAction\":[{\"@type\":\"SearchAction\",\"target\":{\"@type\":\"EntryPoint\",\"urlTemplate\":\"https:\/\/tlconcept.eu\/da\/?s={search_term_string}\"},\"query-input\":{\"@type\":\"PropertyValueSpecification\",\"valueRequired\":true,\"valueName\":\"search_term_string\"}}],\"inLanguage\":\"da-DK\"},{\"@type\":\"Organization\",\"@id\":\"https:\/\/tlconcept.eu\/da\/#organization\",\"name\":\"TL Concept GmbH\",\"url\":\"https:\/\/tlconcept.eu\/da\/\",\"logo\":{\"@type\":\"ImageObject\",\"inLanguage\":\"da-DK\",\"@id\":\"https:\/\/tlconcept.eu\/da\/#\/schema\/logo\/image\/\",\"url\":\"https:\/\/tlconcept.eu\/wp-content\/uploads\/2023\/07\/TL-Concept-GmbH-Logo.png\",\"contentUrl\":\"https:\/\/tlconcept.eu\/wp-content\/uploads\/2023\/07\/TL-Concept-GmbH-Logo.png\",\"width\":1400,\"height\":308,\"caption\":\"TL Concept GmbH\"},\"image\":{\"@id\":\"https:\/\/tlconcept.eu\/da\/#\/schema\/logo\/image\/\"}}]}<\/script>\n<!-- \/ Yoast SEO plugin. -->","yoast_head_json":{"title":"Kontakt os - TL Concept GmbH","robots":{"index":"index","follow":"follow","max-snippet":"max-snippet:-1","max-image-preview":"max-image-preview:large","max-video-preview":"max-video-preview:-1"},"canonical":"https:\/\/tlconcept.eu\/da\/kontakt-os\/","og_locale":"da_DK","og_type":"article","og_title":"Kontakt os - TL Concept GmbH","og_description":"Kontakt os S\u00e5dan kan du n\u00e5 os TIL KONTAKTFORMULAREN TLC-KONCEPTETS KONTAKTMULIGHEDER Kontakt os for at f\u00e5 skr\u00e6ddersyede l\u00f8sninger og professionel r\u00e5dgivning. Vi har i mange \u00e5r udf\u00f8rt isolerings-, brandsikrings- og ventilationsarbejde for dig i hele Tyskland og andre europ\u00e6iske lande. Hvordan kan vi hj\u00e6lpe dig? Kontakt os direkte via vores kontaktformular. Din kompetente kontaktperson inden [&hellip;]","og_url":"https:\/\/tlconcept.eu\/da\/kontakt-os\/","og_site_name":"TL Concept GmbH","article_modified_time":"2024-07-23T13:21:26+00:00","og_image":[{"url":"https:\/\/tlconcept.eu\/wp-content\/uploads\/2023\/08\/Bild-12-1024x683.jpg","type":"","width":"","height":""}],"twitter_card":"summary_large_image","twitter_misc":{"Estimeret l\u00e6setid":"1 minut"},"schema":{"@context":"https:\/\/schema.org","@graph":[{"@type":"WebPage","@id":"https:\/\/tlconcept.eu\/da\/kontakt-os\/","url":"https:\/\/tlconcept.eu\/da\/kontakt-os\/","name":"Kontakt os - TL Concept GmbH","isPartOf":{"@id":"https:\/\/tlconcept.eu\/da\/#website"},"primaryImageOfPage":{"@id":"https:\/\/tlconcept.eu\/da\/kontakt-os\/#primaryimage"},"image":{"@id":"https:\/\/tlconcept.eu\/da\/kontakt-os\/#primaryimage"},"thumbnailUrl":"https:\/\/tlconcept.eu\/wp-content\/uploads\/2023\/08\/Bild-12-1024x683.jpg","datePublished":"2023-05-16T16:42:27+00:00","dateModified":"2024-07-23T13:21:26+00:00","breadcrumb":{"@id":"https:\/\/tlconcept.eu\/da\/kontakt-os\/#breadcrumb"},"inLanguage":"da-DK","potentialAction":[{"@type":"ReadAction","target":["https:\/\/tlconcept.eu\/da\/kontakt-os\/"]}]},{"@type":"ImageObject","inLanguage":"da-DK","@id":"https:\/\/tlconcept.eu\/da\/kontakt-os\/#primaryimage","url":"https:\/\/tlconcept.eu\/wp-content\/uploads\/2023\/08\/Bild-12-1024x683.jpg","contentUrl":"https:\/\/tlconcept.eu\/wp-content\/uploads\/2023\/08\/Bild-12-1024x683.jpg"},{"@type":"BreadcrumbList","@id":"https:\/\/tlconcept.eu\/da\/kontakt-os\/#breadcrumb","itemListElement":[{"@type":"ListItem","position":1,"name":"Startseite","item":"https:\/\/tlconcept.eu\/da\/startseite\/"},{"@type":"ListItem","position":2,"name":"Kontakt os"}]},{"@type":"WebSite","@id":"https:\/\/tlconcept.eu\/da\/#website","url":"https:\/\/tlconcept.eu\/da\/","name":"TL Concept GmbH","description":"","publisher":{"@id":"https:\/\/tlconcept.eu\/da\/#organization"},"potentialAction":[{"@type":"SearchAction","target":{"@type":"EntryPoint","urlTemplate":"https:\/\/tlconcept.eu\/da\/?s={search_term_string}"},"query-input":{"@type":"PropertyValueSpecification","valueRequired":true,"valueName":"search_term_string"}}],"inLanguage":"da-DK"},{"@type":"Organization","@id":"https:\/\/tlconcept.eu\/da\/#organization","name":"TL Concept GmbH","url":"https:\/\/tlconcept.eu\/da\/","logo":{"@type":"ImageObject","inLanguage":"da-DK","@id":"https:\/\/tlconcept.eu\/da\/#\/schema\/logo\/image\/","url":"https:\/\/tlconcept.eu\/wp-content\/uploads\/2023\/07\/TL-Concept-GmbH-Logo.png","contentUrl":"https:\/\/tlconcept.eu\/wp-content\/uploads\/2023\/07\/TL-Concept-GmbH-Logo.png","width":1400,"height":308,"caption":"TL Concept GmbH"},"image":{"@id":"https:\/\/tlconcept.eu\/da\/#\/schema\/logo\/image\/"}}]}},"_links":{"self":[{"href":"https:\/\/tlconcept.eu\/da\/wp-json\/wp\/v2\/pages\/5106","targetHints":{"allow":["GET"]}}],"collection":[{"href":"https:\/\/tlconcept.eu\/da\/wp-json\/wp\/v2\/pages"}],"about":[{"href":"https:\/\/tlconcept.eu\/da\/wp-json\/wp\/v2\/types\/page"}],"author":[{"embeddable":true,"href":"https:\/\/tlconcept.eu\/da\/wp-json\/wp\/v2\/users\/1"}],"replies":[{"embeddable":true,"href":"https:\/\/tlconcept.eu\/da\/wp-json\/wp\/v2\/comments?post=5106"}],"version-history":[{"count":5,"href":"https:\/\/tlconcept.eu\/da\/wp-json\/wp\/v2\/pages\/5106\/revisions"}],"predecessor-version":[{"id":5208,"href":"https:\/\/tlconcept.eu\/da\/wp-json\/wp\/v2\/pages\/5106\/revisions\/5208"}],"wp:attachment":[{"href":"https:\/\/tlconcept.eu\/da\/wp-json\/wp\/v2\/media?parent=5106"}],"curies":[{"name":"wp","href":"https:\/\/api.w.org\/{rel}","templated":true}]}}