{"id":6348,"date":"2025-01-06T16:54:30","date_gmt":"2025-01-06T15:54:30","guid":{"rendered":"https:\/\/tlconcept.eu\/karriere\/duales-studium\/"},"modified":"2025-08-12T11:34:13","modified_gmt":"2025-08-12T09:34:13","slug":"duales-studium","status":"publish","type":"page","link":"https:\/\/tlconcept.eu\/da\/karriere\/duales-studium\/","title":{"rendered":"Dobbelt studieprogram"},"content":{"rendered":"\t\t<div data-elementor-type=\"wp-page\" data-elementor-id=\"6348\" class=\"elementor elementor-6348 elementor-6001\">\n\t\t\t\t<div class=\"elementor-element elementor-element-01c618a e-flex e-con-boxed e-con e-parent\" data-id=\"01c618a\" data-element_type=\"container\" data-settings=\"{&quot;background_background&quot;:&quot;classic&quot;}\">\n\t\t\t\t\t<div class=\"e-con-inner\">\n\t\t\t\t<div class=\"elementor-element elementor-element-effad3c elementor-widget elementor-widget-spacer\" data-id=\"effad3c\" data-element_type=\"widget\" data-widget_type=\"spacer.default\">\n\t\t\t\t<div class=\"elementor-widget-container\">\n\t\t\t\t\t\t\t<div class=\"elementor-spacer\">\n\t\t\t<div class=\"elementor-spacer-inner\"><\/div>\n\t\t<\/div>\n\t\t\t\t\t\t<\/div>\n\t\t\t\t<\/div>\n\t\t\t\t<div class=\"elementor-element elementor-element-bdc7423 elementor-invisible elementor-widget elementor-widget-heading\" data-id=\"bdc7423\" data-element_type=\"widget\" data-settings=\"{&quot;_animation&quot;:&quot;fadeIn&quot;}\" data-widget_type=\"heading.default\">\n\t\t\t\t<div class=\"elementor-widget-container\">\n\t\t\t\t\t<h2 class=\"elementor-heading-title elementor-size-default\">Dobbelt studieprogram<\/h2>\t\t\t\t<\/div>\n\t\t\t\t<\/div>\n\t\t\t\t<div class=\"elementor-element elementor-element-6a5219c elementor-widget elementor-widget-spacer\" data-id=\"6a5219c\" data-element_type=\"widget\" data-widget_type=\"spacer.default\">\n\t\t\t\t<div class=\"elementor-widget-container\">\n\t\t\t\t\t\t\t<div class=\"elementor-spacer\">\n\t\t\t<div class=\"elementor-spacer-inner\"><\/div>\n\t\t<\/div>\n\t\t\t\t\t\t<\/div>\n\t\t\t\t<\/div>\n\t\t\t\t<div class=\"elementor-element elementor-element-92fcc02 elementor-align-center elementor-invisible elementor-widget elementor-widget-button\" data-id=\"92fcc02\" data-element_type=\"widget\" data-settings=\"{&quot;_animation&quot;:&quot;fadeInUp&quot;}\" data-widget_type=\"button.default\">\n\t\t\t\t<div class=\"elementor-widget-container\">\n\t\t\t\t\t\t\t\t\t<div class=\"elementor-button-wrapper\">\n\t\t\t\t\t<a class=\"elementor-button elementor-button-link elementor-size-sm\" href=\"#studium\">\n\t\t\t\t\t\t<span class=\"elementor-button-content-wrapper\">\n\t\t\t\t\t\t<span class=\"elementor-button-icon\">\n\t\t\t\t<i aria-hidden=\"true\" class=\"fas fa-angle-down\"><\/i>\t\t\t<\/span>\n\t\t\t\t\t\t\t\t\t<span class=\"elementor-button-text\">vores dobbelte studieprogram<\/span>\n\t\t\t\t\t<\/span>\n\t\t\t\t\t<\/a>\n\t\t\t\t<\/div>\n\t\t\t\t\t\t\t\t<\/div>\n\t\t\t\t<\/div>\n\t\t\t\t<div class=\"elementor-element elementor-element-363d00b elementor-widget elementor-widget-spacer\" data-id=\"363d00b\" data-element_type=\"widget\" data-widget_type=\"spacer.default\">\n\t\t\t\t<div class=\"elementor-widget-container\">\n\t\t\t\t\t\t\t<div class=\"elementor-spacer\">\n\t\t\t<div class=\"elementor-spacer-inner\"><\/div>\n\t\t<\/div>\n\t\t\t\t\t\t<\/div>\n\t\t\t\t<\/div>\n\t\t\t\t<div class=\"elementor-element elementor-element-b416ad4 elementor-widget elementor-widget-heading\" data-id=\"b416ad4\" data-element_type=\"widget\" data-widget_type=\"heading.default\">\n\t\t\t\t<div class=\"elementor-widget-container\">\n\t\t\t\t\t<h2 class=\"elementor-heading-title elementor-size-default\">Dobbelt studieprogram - praksis og teori kombineret<\/h2>\t\t\t\t<\/div>\n\t\t\t\t<\/div>\n\t\t\t\t\t<\/div>\n\t\t\t\t<\/div>\n\t\t<div class=\"elementor-element elementor-element-2182391 e-flex e-con-boxed e-con e-parent\" data-id=\"2182391\" data-element_type=\"container\">\n\t\t\t\t\t<div class=\"e-con-inner\">\n\t\t\t\t<div class=\"elementor-element elementor-element-69fbba7 elementor-widget elementor-widget-text-editor\" data-id=\"69fbba7\" data-element_type=\"widget\" data-widget_type=\"text-editor.default\">\n\t\t\t\t<div class=\"elementor-widget-container\">\n\t\t\t\t\t\t\t\t\t<p>I l\u00f8bet af den dobbelte uddannelse p\u00e5 Cooperative State University gennemf\u00f8rer du flere praktiske faser hos os, hvor du kan oms\u00e6tte det, du har l\u00e6rt, direkte i praksis.  <br>Du vil v\u00e6re godt forberedt p\u00e5 branchens krav og have gode muligheder for et job hos os inden for bygge- eller projektledelse, kalkulation, planl\u00e6gning eller \u00f8konomi efter endt uddannelse. Du kan ogs\u00e5 forvente en attraktiv l\u00f8n p\u00e5 linje med byggetariffen. <\/p>\t\t\t\t\t\t\t\t<\/div>\n\t\t\t\t<\/div>\n\t\t\t\t\t<\/div>\n\t\t\t\t<\/div>\n\t\t<div class=\"elementor-element elementor-element-12dac98 e-flex e-con-boxed e-con e-parent\" data-id=\"12dac98\" data-element_type=\"container\" id=\"studium\">\n\t\t\t\t\t<div class=\"e-con-inner\">\n\t\t\t\t<div class=\"elementor-element elementor-element-567ed62 elementor-widget elementor-widget-spacer\" data-id=\"567ed62\" data-element_type=\"widget\" data-widget_type=\"spacer.default\">\n\t\t\t\t<div class=\"elementor-widget-container\">\n\t\t\t\t\t\t\t<div class=\"elementor-spacer\">\n\t\t\t<div class=\"elementor-spacer-inner\"><\/div>\n\t\t<\/div>\n\t\t\t\t\t\t<\/div>\n\t\t\t\t<\/div>\n\t\t\t\t\t<\/div>\n\t\t\t\t<\/div>\n\t\t<div class=\"elementor-element elementor-element-8154e51 e-flex e-con-boxed elementor-invisible e-con e-parent\" data-id=\"8154e51\" data-element_type=\"container\" data-settings=\"{&quot;animation&quot;:&quot;fadeInUp&quot;}\">\n\t\t\t\t\t<div class=\"e-con-inner\">\n\t\t<div class=\"elementor-element elementor-element-d0b3bf3 e-con-full e-flex e-con e-child\" data-id=\"d0b3bf3\" data-element_type=\"container\">\n\t\t\t\t<div class=\"elementor-element elementor-element-9755f50 elementor-widget elementor-widget-image\" data-id=\"9755f50\" data-element_type=\"widget\" data-widget_type=\"image.default\">\n\t\t\t\t<div class=\"elementor-widget-container\">\n\t\t\t\t\t\t\t\t\t\t\t\t\t\t\t<img decoding=\"async\" src=\"https:\/\/tlconcept.eu\/wp-content\/plugins\/elementor\/assets\/images\/placeholder.png\" title=\"\" alt=\"\" loading=\"lazy\" \/>\t\t\t\t\t\t\t\t\t\t\t\t\t\t\t<\/div>\n\t\t\t\t<\/div>\n\t\t\t\t<\/div>\n\t\t<div class=\"elementor-element elementor-element-0ee18ab e-con-full e-flex e-con e-child\" data-id=\"0ee18ab\" data-element_type=\"container\" data-settings=\"{&quot;background_background&quot;:&quot;classic&quot;}\">\n\t\t<div class=\"elementor-element elementor-element-130262b e-con-full e-flex e-con e-child\" data-id=\"130262b\" data-element_type=\"container\">\n\t\t\t\t<div class=\"elementor-element elementor-element-e6463a2 elementor-widget elementor-widget-heading\" data-id=\"e6463a2\" data-element_type=\"widget\" data-widget_type=\"heading.default\">\n\t\t\t\t<div class=\"elementor-widget-container\">\n\t\t\t\t\t<h2 class=\"elementor-heading-title elementor-size-default\">Dobbelt studieprogram i byggeledelse<\/h2>\t\t\t\t<\/div>\n\t\t\t\t<\/div>\n\t\t\t\t<div class=\"elementor-element elementor-element-68db1af elementor-widget elementor-widget-text-editor\" data-id=\"68db1af\" data-element_type=\"widget\" data-widget_type=\"text-editor.default\">\n\t\t\t\t<div class=\"elementor-widget-container\">\n\t\t\t\t\t\t\t\t\t<p>P\u00e5 Duale Hochschule Sachen p\u00e5<span style=\"color: #000000;\"> <a style=\"color: #000000;\" href=\"https:\/\/www.dhsn.de\/glauchau\">Glauchau<\/a> <\/span>l\u00e6rer du alt, hvad du har brug for at vide om ledelse af byggevirksomheder p\u00e5 uddannelsen Construction Operations Management &#8211; fra generel forretningsm\u00e6ssig og \u00f8konomisk viden til specifik viden om byggedrift og byggelovgivning.<\/p>\t\t\t\t\t\t\t\t<\/div>\n\t\t\t\t<\/div>\n\t\t\t\t<div class=\"elementor-element elementor-element-79155ec elementor-widget elementor-widget-heading\" data-id=\"79155ec\" data-element_type=\"widget\" data-widget_type=\"heading.default\">\n\t\t\t\t<div class=\"elementor-widget-container\">\n\t\t\t\t\t<h2 class=\"elementor-heading-title elementor-size-default\">Aktuelle ledige stillinger<\/h2>\t\t\t\t<\/div>\n\t\t\t\t<\/div>\n\t\t<div class=\"elementor-element elementor-element-47ec51c e-con-full e-flex e-con e-child\" data-id=\"47ec51c\" data-element_type=\"container\">\n\t\t\t\t<div class=\"elementor-element elementor-element-75dcf3f elementor-align-justify elementor-widget__width-inherit elementor-invisible elementor-widget elementor-widget-button\" data-id=\"75dcf3f\" data-element_type=\"widget\" data-settings=\"{&quot;_animation&quot;:&quot;fadeInUp&quot;}\" data-widget_type=\"button.default\">\n\t\t\t\t<div class=\"elementor-widget-container\">\n\t\t\t\t\t\t\t\t\t<div class=\"elementor-button-wrapper\">\n\t\t\t\t\t<a class=\"elementor-button elementor-button-link elementor-size-sm\" href=\"https:\/\/tlconcept.eu\/job\/duales-studium-baubetriebsmanagement-m-w-d\/\">\n\t\t\t\t\t\t<span class=\"elementor-button-content-wrapper\">\n\t\t\t\t\t\t\t\t\t<span class=\"elementor-button-text\">Ledelse af byggedrift (m\/f\/d)<\/span>\n\t\t\t\t\t<\/span>\n\t\t\t\t\t<\/a>\n\t\t\t\t<\/div>\n\t\t\t\t\t\t\t\t<\/div>\n\t\t\t\t<\/div>\n\t\t\t\t<div class=\"elementor-element elementor-element-100f1b1 elementor-align-justify elementor-widget__width-inherit elementor-invisible elementor-widget elementor-widget-button\" data-id=\"100f1b1\" data-element_type=\"widget\" data-settings=\"{&quot;_animation&quot;:&quot;fadeInUp&quot;}\" data-widget_type=\"button.default\">\n\t\t\t\t<div class=\"elementor-widget-container\">\n\t\t\t\t\t\t\t\t\t<div class=\"elementor-button-wrapper\">\n\t\t\t\t\t<a class=\"elementor-button elementor-button-link elementor-size-sm\" href=\"https:\/\/tlconcept.eu\/wp-content\/uploads\/2025\/01\/Flyer-Baubetriebsmanagement.pdf\" target=\"_blank\">\n\t\t\t\t\t\t<span class=\"elementor-button-content-wrapper\">\n\t\t\t\t\t\t\t\t\t<span class=\"elementor-button-text\">Flyer om studieprogrammet DHSN Glauchau<\/span>\n\t\t\t\t\t<\/span>\n\t\t\t\t\t<\/a>\n\t\t\t\t<\/div>\n\t\t\t\t\t\t\t\t<\/div>\n\t\t\t\t<\/div>\n\t\t\t\t<\/div>\n\t\t\t\t<\/div>\n\t\t\t\t<\/div>\n\t\t\t\t\t<\/div>\n\t\t\t\t<\/div>\n\t\t<div class=\"elementor-element elementor-element-67417f8 e-flex e-con-boxed elementor-invisible e-con e-parent\" data-id=\"67417f8\" data-element_type=\"container\" data-settings=\"{&quot;animation&quot;:&quot;fadeInUp&quot;}\">\n\t\t\t\t\t<div class=\"e-con-inner\">\n\t\t<div class=\"elementor-element elementor-element-55df96a e-con-full e-flex e-con e-child\" data-id=\"55df96a\" data-element_type=\"container\">\n\t\t\t\t<div class=\"elementor-element elementor-element-6a62f10 elementor-widget elementor-widget-image\" data-id=\"6a62f10\" data-element_type=\"widget\" data-widget_type=\"image.default\">\n\t\t\t\t<div class=\"elementor-widget-container\">\n\t\t\t\t\t\t\t\t\t\t\t\t\t\t\t<img decoding=\"async\" src=\"https:\/\/tlconcept.eu\/wp-content\/plugins\/elementor\/assets\/images\/placeholder.png\" title=\"\" alt=\"\" loading=\"lazy\" \/>\t\t\t\t\t\t\t\t\t\t\t\t\t\t\t<\/div>\n\t\t\t\t<\/div>\n\t\t\t\t<\/div>\n\t\t<div class=\"elementor-element elementor-element-0e2a867 e-con-full e-flex e-con e-child\" data-id=\"0e2a867\" data-element_type=\"container\" data-settings=\"{&quot;background_background&quot;:&quot;classic&quot;}\">\n\t\t<div class=\"elementor-element elementor-element-979f2a7 e-con-full e-flex e-con e-child\" data-id=\"979f2a7\" data-element_type=\"container\">\n\t\t\t\t<div class=\"elementor-element elementor-element-5152a30 elementor-widget elementor-widget-heading\" data-id=\"5152a30\" data-element_type=\"widget\" data-widget_type=\"heading.default\">\n\t\t\t\t<div class=\"elementor-widget-container\">\n\t\t\t\t\t<h2 class=\"elementor-heading-title elementor-size-default\">Dobbelt studieprogram i energi- og bygningsteknologi<\/h2>\t\t\t\t<\/div>\n\t\t\t\t<\/div>\n\t\t\t\t<div class=\"elementor-element elementor-element-47aad1b elementor-widget elementor-widget-text-editor\" data-id=\"47aad1b\" data-element_type=\"widget\" data-widget_type=\"text-editor.default\">\n\t\t\t\t<div class=\"elementor-widget-container\">\n\t\t\t\t\t\t\t\t\t<p><span style=\"color: #000000;\">Vil du gerne v\u00e6re med til at forme fremtiden og sikre en stabil og milj\u00f8venlig forsyning af energi og alle de medier, vi har brug for i vores dagligdag? S\u00e5 er uddannelsen i energi- og bygningsteknologi med specialisering i forsynings- og bygningsteknologi p\u00e5 Duale Hochschule Sachen <a style=\"color: #000000;\" href=\"https:\/\/www.dhsn.de\/riesa\">i Riesa<\/a> det helt rigtige for dig.   <\/span><\/p>\t\t\t\t\t\t\t\t<\/div>\n\t\t\t\t<\/div>\n\t\t\t\t<div class=\"elementor-element elementor-element-e0631aa elementor-widget elementor-widget-heading\" data-id=\"e0631aa\" data-element_type=\"widget\" data-widget_type=\"heading.default\">\n\t\t\t\t<div class=\"elementor-widget-container\">\n\t\t\t\t\t<h2 class=\"elementor-heading-title elementor-size-default\">Aktuelle ledige stillinger<\/h2>\t\t\t\t<\/div>\n\t\t\t\t<\/div>\n\t\t<div class=\"elementor-element elementor-element-dc8e970 e-con-full e-flex e-con e-child\" data-id=\"dc8e970\" data-element_type=\"container\">\n\t\t\t\t<div class=\"elementor-element elementor-element-cb5fe49 elementor-align-justify elementor-widget__width-inherit elementor-invisible elementor-widget elementor-widget-button\" data-id=\"cb5fe49\" data-element_type=\"widget\" data-settings=\"{&quot;_animation&quot;:&quot;fadeInUp&quot;}\" data-widget_type=\"button.default\">\n\t\t\t\t<div class=\"elementor-widget-container\">\n\t\t\t\t\t\t\t\t\t<div class=\"elementor-button-wrapper\">\n\t\t\t\t\t<a class=\"elementor-button elementor-button-link elementor-size-sm\" href=\"https:\/\/tlconcept.eu\/job\/duales-studium-baubetriebsmanagement-m-w-d\/\">\n\t\t\t\t\t\t<span class=\"elementor-button-content-wrapper\">\n\t\t\t\t\t\t\t\t\t<span class=\"elementor-button-text\">Energi- og bygningsteknik (m\/k\/d)<\/span>\n\t\t\t\t\t<\/span>\n\t\t\t\t\t<\/a>\n\t\t\t\t<\/div>\n\t\t\t\t\t\t\t\t<\/div>\n\t\t\t\t<\/div>\n\t\t\t\t<div class=\"elementor-element elementor-element-4548074 elementor-align-justify elementor-widget__width-inherit elementor-invisible elementor-widget elementor-widget-button\" data-id=\"4548074\" data-element_type=\"widget\" data-settings=\"{&quot;_animation&quot;:&quot;fadeInUp&quot;}\" data-widget_type=\"button.default\">\n\t\t\t\t<div class=\"elementor-widget-container\">\n\t\t\t\t\t\t\t\t\t<div class=\"elementor-button-wrapper\">\n\t\t\t\t\t<a class=\"elementor-button elementor-button-link elementor-size-sm\" href=\"https:\/\/tlconcept.eu\/wp-content\/uploads\/2025\/01\/Flyer-Energie-und-Gebaeudetechnik.pdf\" target=\"_blank\">\n\t\t\t\t\t\t<span class=\"elementor-button-content-wrapper\">\n\t\t\t\t\t\t\t\t\t<span class=\"elementor-button-text\">Flyer studieprogram DHSN Riesa<\/span>\n\t\t\t\t\t<\/span>\n\t\t\t\t\t<\/a>\n\t\t\t\t<\/div>\n\t\t\t\t\t\t\t\t<\/div>\n\t\t\t\t<\/div>\n\t\t\t\t<\/div>\n\t\t\t\t<\/div>\n\t\t\t\t<\/div>\n\t\t\t\t\t<\/div>\n\t\t\t\t<\/div>\n\t\t<div class=\"elementor-element elementor-element-06a4ba9 e-flex e-con-boxed e-con e-parent\" data-id=\"06a4ba9\" data-element_type=\"container\">\n\t\t\t\t\t<div class=\"e-con-inner\">\n\t\t\t\t<div class=\"elementor-element elementor-element-80a85ae elementor-widget elementor-widget-spacer\" data-id=\"80a85ae\" data-element_type=\"widget\" data-widget_type=\"spacer.default\">\n\t\t\t\t<div class=\"elementor-widget-container\">\n\t\t\t\t\t\t\t<div class=\"elementor-spacer\">\n\t\t\t<div class=\"elementor-spacer-inner\"><\/div>\n\t\t<\/div>\n\t\t\t\t\t\t<\/div>\n\t\t\t\t<\/div>\n\t\t\t\t\t<\/div>\n\t\t\t\t<\/div>\n\t\t\t\t<\/div>\n\t\t","protected":false},"excerpt":{"rendered":"<p>Dobbelt studieprogram vores dobbelte studieprogram Dobbelt studieprogram &#8211; praksis og teori kombineret I l\u00f8bet af den dobbelte uddannelse p\u00e5 Cooperative State University gennemf\u00f8rer du flere praktiske faser hos os, hvor du kan oms\u00e6tte det, du har l\u00e6rt, direkte i praksis. Du vil v\u00e6re godt forberedt p\u00e5 branchens krav og have gode muligheder for et job [&hellip;]<\/p>\n","protected":false},"author":6,"featured_media":0,"parent":6346,"menu_order":0,"comment_status":"closed","ping_status":"closed","template":"","meta":{"inline_featured_image":false,"footnotes":""},"class_list":["post-6348","page","type-page","status-publish","hentry"],"yoast_head":"<!-- This site is optimized with the Yoast SEO plugin v26.6 - https:\/\/yoast.com\/wordpress\/plugins\/seo\/ -->\n<title>Dobbelt studieprogram - TL Concept GmbH<\/title>\n<meta name=\"robots\" content=\"index, follow, max-snippet:-1, max-image-preview:large, max-video-preview:-1\" \/>\n<link rel=\"canonical\" href=\"https:\/\/tlconcept.eu\/da\/karriere\/duales-studium\/\" \/>\n<meta property=\"og:locale\" content=\"da_DK\" \/>\n<meta property=\"og:type\" content=\"article\" \/>\n<meta property=\"og:title\" content=\"Dobbelt studieprogram - TL Concept GmbH\" \/>\n<meta property=\"og:description\" content=\"Dobbelt studieprogram vores dobbelte studieprogram Dobbelt studieprogram &#8211; praksis og teori kombineret I l\u00f8bet af den dobbelte uddannelse p\u00e5 Cooperative State University gennemf\u00f8rer du flere praktiske faser hos os, hvor du kan oms\u00e6tte det, du har l\u00e6rt, direkte i praksis. Du vil v\u00e6re godt forberedt p\u00e5 branchens krav og have gode muligheder for et job [&hellip;]\" \/>\n<meta property=\"og:url\" content=\"https:\/\/tlconcept.eu\/da\/karriere\/duales-studium\/\" \/>\n<meta property=\"og:site_name\" content=\"TL Concept GmbH\" \/>\n<meta property=\"article:modified_time\" content=\"2025-08-12T09:34:13+00:00\" \/>\n<meta property=\"og:image\" content=\"https:\/\/tlconcept.eu\/wp-content\/plugins\/elementor\/assets\/images\/placeholder.png\" \/>\n<meta name=\"twitter:card\" content=\"summary_large_image\" \/>\n<meta name=\"twitter:label1\" content=\"Estimeret l\u00e6setid\" \/>\n\t<meta name=\"twitter:data1\" content=\"1 minut\" \/>\n<script type=\"application\/ld+json\" class=\"yoast-schema-graph\">{\"@context\":\"https:\/\/schema.org\",\"@graph\":[{\"@type\":\"WebPage\",\"@id\":\"https:\/\/tlconcept.eu\/da\/karriere\/duales-studium\/\",\"url\":\"https:\/\/tlconcept.eu\/da\/karriere\/duales-studium\/\",\"name\":\"Dobbelt studieprogram - TL Concept GmbH\",\"isPartOf\":{\"@id\":\"https:\/\/tlconcept.eu\/da\/#website\"},\"primaryImageOfPage\":{\"@id\":\"https:\/\/tlconcept.eu\/da\/karriere\/duales-studium\/#primaryimage\"},\"image\":{\"@id\":\"https:\/\/tlconcept.eu\/da\/karriere\/duales-studium\/#primaryimage\"},\"thumbnailUrl\":\"https:\/\/tlconcept.eu\/wp-content\/plugins\/elementor\/assets\/images\/placeholder.png\",\"datePublished\":\"2025-01-06T15:54:30+00:00\",\"dateModified\":\"2025-08-12T09:34:13+00:00\",\"breadcrumb\":{\"@id\":\"https:\/\/tlconcept.eu\/da\/karriere\/duales-studium\/#breadcrumb\"},\"inLanguage\":\"da-DK\",\"potentialAction\":[{\"@type\":\"ReadAction\",\"target\":[\"https:\/\/tlconcept.eu\/da\/karriere\/duales-studium\/\"]}]},{\"@type\":\"ImageObject\",\"inLanguage\":\"da-DK\",\"@id\":\"https:\/\/tlconcept.eu\/da\/karriere\/duales-studium\/#primaryimage\",\"url\":\"https:\/\/tlconcept.eu\/wp-content\/plugins\/elementor\/assets\/images\/placeholder.png\",\"contentUrl\":\"https:\/\/tlconcept.eu\/wp-content\/plugins\/elementor\/assets\/images\/placeholder.png\"},{\"@type\":\"BreadcrumbList\",\"@id\":\"https:\/\/tlconcept.eu\/da\/karriere\/duales-studium\/#breadcrumb\",\"itemListElement\":[{\"@type\":\"ListItem\",\"position\":1,\"name\":\"Startseite\",\"item\":\"https:\/\/tlconcept.eu\/da\/startseite\/\"},{\"@type\":\"ListItem\",\"position\":2,\"name\":\"Karriere\",\"item\":\"https:\/\/tlconcept.eu\/da\/karriere\/\"},{\"@type\":\"ListItem\",\"position\":3,\"name\":\"Dobbelt studieprogram\"}]},{\"@type\":\"WebSite\",\"@id\":\"https:\/\/tlconcept.eu\/da\/#website\",\"url\":\"https:\/\/tlconcept.eu\/da\/\",\"name\":\"TL Concept GmbH\",\"description\":\"\",\"publisher\":{\"@id\":\"https:\/\/tlconcept.eu\/da\/#organization\"},\"potentialAction\":[{\"@type\":\"SearchAction\",\"target\":{\"@type\":\"EntryPoint\",\"urlTemplate\":\"https:\/\/tlconcept.eu\/da\/?s={search_term_string}\"},\"query-input\":{\"@type\":\"PropertyValueSpecification\",\"valueRequired\":true,\"valueName\":\"search_term_string\"}}],\"inLanguage\":\"da-DK\"},{\"@type\":\"Organization\",\"@id\":\"https:\/\/tlconcept.eu\/da\/#organization\",\"name\":\"TL Concept GmbH\",\"url\":\"https:\/\/tlconcept.eu\/da\/\",\"logo\":{\"@type\":\"ImageObject\",\"inLanguage\":\"da-DK\",\"@id\":\"https:\/\/tlconcept.eu\/da\/#\/schema\/logo\/image\/\",\"url\":\"https:\/\/tlconcept.eu\/wp-content\/uploads\/2023\/07\/TL-Concept-GmbH-Logo.png\",\"contentUrl\":\"https:\/\/tlconcept.eu\/wp-content\/uploads\/2023\/07\/TL-Concept-GmbH-Logo.png\",\"width\":1400,\"height\":308,\"caption\":\"TL Concept GmbH\"},\"image\":{\"@id\":\"https:\/\/tlconcept.eu\/da\/#\/schema\/logo\/image\/\"}}]}<\/script>\n<!-- \/ Yoast SEO plugin. -->","yoast_head_json":{"title":"Dobbelt studieprogram - TL Concept GmbH","robots":{"index":"index","follow":"follow","max-snippet":"max-snippet:-1","max-image-preview":"max-image-preview:large","max-video-preview":"max-video-preview:-1"},"canonical":"https:\/\/tlconcept.eu\/da\/karriere\/duales-studium\/","og_locale":"da_DK","og_type":"article","og_title":"Dobbelt studieprogram - TL Concept GmbH","og_description":"Dobbelt studieprogram vores dobbelte studieprogram Dobbelt studieprogram &#8211; praksis og teori kombineret I l\u00f8bet af den dobbelte uddannelse p\u00e5 Cooperative State University gennemf\u00f8rer du flere praktiske faser hos os, hvor du kan oms\u00e6tte det, du har l\u00e6rt, direkte i praksis. Du vil v\u00e6re godt forberedt p\u00e5 branchens krav og have gode muligheder for et job [&hellip;]","og_url":"https:\/\/tlconcept.eu\/da\/karriere\/duales-studium\/","og_site_name":"TL Concept GmbH","article_modified_time":"2025-08-12T09:34:13+00:00","og_image":[{"url":"https:\/\/tlconcept.eu\/wp-content\/plugins\/elementor\/assets\/images\/placeholder.png","type":"","width":"","height":""}],"twitter_card":"summary_large_image","twitter_misc":{"Estimeret l\u00e6setid":"1 minut"},"schema":{"@context":"https:\/\/schema.org","@graph":[{"@type":"WebPage","@id":"https:\/\/tlconcept.eu\/da\/karriere\/duales-studium\/","url":"https:\/\/tlconcept.eu\/da\/karriere\/duales-studium\/","name":"Dobbelt studieprogram - TL Concept GmbH","isPartOf":{"@id":"https:\/\/tlconcept.eu\/da\/#website"},"primaryImageOfPage":{"@id":"https:\/\/tlconcept.eu\/da\/karriere\/duales-studium\/#primaryimage"},"image":{"@id":"https:\/\/tlconcept.eu\/da\/karriere\/duales-studium\/#primaryimage"},"thumbnailUrl":"https:\/\/tlconcept.eu\/wp-content\/plugins\/elementor\/assets\/images\/placeholder.png","datePublished":"2025-01-06T15:54:30+00:00","dateModified":"2025-08-12T09:34:13+00:00","breadcrumb":{"@id":"https:\/\/tlconcept.eu\/da\/karriere\/duales-studium\/#breadcrumb"},"inLanguage":"da-DK","potentialAction":[{"@type":"ReadAction","target":["https:\/\/tlconcept.eu\/da\/karriere\/duales-studium\/"]}]},{"@type":"ImageObject","inLanguage":"da-DK","@id":"https:\/\/tlconcept.eu\/da\/karriere\/duales-studium\/#primaryimage","url":"https:\/\/tlconcept.eu\/wp-content\/plugins\/elementor\/assets\/images\/placeholder.png","contentUrl":"https:\/\/tlconcept.eu\/wp-content\/plugins\/elementor\/assets\/images\/placeholder.png"},{"@type":"BreadcrumbList","@id":"https:\/\/tlconcept.eu\/da\/karriere\/duales-studium\/#breadcrumb","itemListElement":[{"@type":"ListItem","position":1,"name":"Startseite","item":"https:\/\/tlconcept.eu\/da\/startseite\/"},{"@type":"ListItem","position":2,"name":"Karriere","item":"https:\/\/tlconcept.eu\/da\/karriere\/"},{"@type":"ListItem","position":3,"name":"Dobbelt studieprogram"}]},{"@type":"WebSite","@id":"https:\/\/tlconcept.eu\/da\/#website","url":"https:\/\/tlconcept.eu\/da\/","name":"TL Concept GmbH","description":"","publisher":{"@id":"https:\/\/tlconcept.eu\/da\/#organization"},"potentialAction":[{"@type":"SearchAction","target":{"@type":"EntryPoint","urlTemplate":"https:\/\/tlconcept.eu\/da\/?s={search_term_string}"},"query-input":{"@type":"PropertyValueSpecification","valueRequired":true,"valueName":"search_term_string"}}],"inLanguage":"da-DK"},{"@type":"Organization","@id":"https:\/\/tlconcept.eu\/da\/#organization","name":"TL Concept GmbH","url":"https:\/\/tlconcept.eu\/da\/","logo":{"@type":"ImageObject","inLanguage":"da-DK","@id":"https:\/\/tlconcept.eu\/da\/#\/schema\/logo\/image\/","url":"https:\/\/tlconcept.eu\/wp-content\/uploads\/2023\/07\/TL-Concept-GmbH-Logo.png","contentUrl":"https:\/\/tlconcept.eu\/wp-content\/uploads\/2023\/07\/TL-Concept-GmbH-Logo.png","width":1400,"height":308,"caption":"TL Concept GmbH"},"image":{"@id":"https:\/\/tlconcept.eu\/da\/#\/schema\/logo\/image\/"}}]}},"_links":{"self":[{"href":"https:\/\/tlconcept.eu\/da\/wp-json\/wp\/v2\/pages\/6348","targetHints":{"allow":["GET"]}}],"collection":[{"href":"https:\/\/tlconcept.eu\/da\/wp-json\/wp\/v2\/pages"}],"about":[{"href":"https:\/\/tlconcept.eu\/da\/wp-json\/wp\/v2\/types\/page"}],"author":[{"embeddable":true,"href":"https:\/\/tlconcept.eu\/da\/wp-json\/wp\/v2\/users\/6"}],"replies":[{"embeddable":true,"href":"https:\/\/tlconcept.eu\/da\/wp-json\/wp\/v2\/comments?post=6348"}],"version-history":[{"count":3,"href":"https:\/\/tlconcept.eu\/da\/wp-json\/wp\/v2\/pages\/6348\/revisions"}],"predecessor-version":[{"id":7559,"href":"https:\/\/tlconcept.eu\/da\/wp-json\/wp\/v2\/pages\/6348\/revisions\/7559"}],"up":[{"embeddable":true,"href":"https:\/\/tlconcept.eu\/da\/wp-json\/wp\/v2\/pages\/6346"}],"wp:attachment":[{"href":"https:\/\/tlconcept.eu\/da\/wp-json\/wp\/v2\/media?parent=6348"}],"curies":[{"name":"wp","href":"https:\/\/api.w.org\/{rel}","templated":true}]}}