{"id":6762,"date":"2025-03-31T14:54:00","date_gmt":"2025-03-31T12:54:00","guid":{"rendered":"https:\/\/tlconcept.eu\/karriere\/ausbildung\/laerling-industrimedarbejder-m-k-d\/"},"modified":"2025-03-31T16:00:25","modified_gmt":"2025-03-31T14:00:25","slug":"laerling-industrimedarbejder-m-k-d","status":"publish","type":"page","link":"https:\/\/tlconcept.eu\/da\/karriere\/ausbildung\/laerling-industrimedarbejder-m-k-d\/","title":{"rendered":"L\u00e6rling industrimedarbejder (m\/k\/d)"},"content":{"rendered":"\t\t<div data-elementor-type=\"wp-page\" data-elementor-id=\"6762\" class=\"elementor elementor-6762 elementor-6683\">\n\t\t\t\t<div class=\"elementor-element elementor-element-ae032af e-flex e-con-boxed e-con e-parent\" data-id=\"ae032af\" data-element_type=\"container\" data-settings=\"{&quot;background_background&quot;:&quot;classic&quot;}\">\n\t\t\t\t\t<div class=\"e-con-inner\">\n\t\t\t\t<div class=\"elementor-element elementor-element-6c15420 elementor-widget elementor-widget-spacer\" data-id=\"6c15420\" data-element_type=\"widget\" data-widget_type=\"spacer.default\">\n\t\t\t\t<div class=\"elementor-widget-container\">\n\t\t\t\t\t\t\t<div class=\"elementor-spacer\">\n\t\t\t<div class=\"elementor-spacer-inner\"><\/div>\n\t\t<\/div>\n\t\t\t\t\t\t<\/div>\n\t\t\t\t<\/div>\n\t\t\t\t<div class=\"elementor-element elementor-element-f6e410e elementor-widget elementor-widget-heading\" data-id=\"f6e410e\" data-element_type=\"widget\" data-widget_type=\"heading.default\">\n\t\t\t\t<div class=\"elementor-widget-container\">\n\t\t\t\t\t<h2 class=\"elementor-heading-title elementor-size-default\">L\u00e6rling industrimedarbejder (m\/k\/d)<\/h2>\t\t\t\t<\/div>\n\t\t\t\t<\/div>\n\t\t\t\t<div class=\"elementor-element elementor-element-9183e93 elementor-widget elementor-widget-spacer\" data-id=\"9183e93\" data-element_type=\"widget\" data-widget_type=\"spacer.default\">\n\t\t\t\t<div class=\"elementor-widget-container\">\n\t\t\t\t\t\t\t<div class=\"elementor-spacer\">\n\t\t\t<div class=\"elementor-spacer-inner\"><\/div>\n\t\t<\/div>\n\t\t\t\t\t\t<\/div>\n\t\t\t\t<\/div>\n\t\t\t\t<div class=\"elementor-element elementor-element-b6a00a3 elementor-widget elementor-widget-text-editor\" data-id=\"b6a00a3\" data-element_type=\"widget\" data-widget_type=\"text-editor.default\">\n\t\t\t\t<div class=\"elementor-widget-container\">\n\t\t\t\t\t\t\t\t\t<p>Er organisation noget for dig, og har du let ved at skabe nye kontakter? Uanset om det er kunder, leverand\u00f8rer eller medarbejdere &#8211; p\u00e5 telefonen, via e-mail eller personligt &#8211; vil du blive en vigtig kontaktflade i l\u00f8bet af den tre\u00e5rige uddannelse til industriekspedient! <\/p>\n\t\t\t\t\t\t\t\t<\/div>\n\t\t\t\t<\/div>\n\t\t\t\t<div class=\"elementor-element elementor-element-c8d0844 elementor-widget elementor-widget-text-editor\" data-id=\"c8d0844\" data-element_type=\"widget\" data-widget_type=\"text-editor.default\">\n\t\t\t\t<div class=\"elementor-widget-container\">\n\t\t\t\t\t\t\t\t\t<p><strong>Hvad du vil l\u00e6re hos os<\/strong><\/p>\n<ul>\n<li>Du vil blive udstationeret i de forskellige afdelinger p\u00e5 TLC og stifte bekendtskab med alle de vigtige aktiviteter: \u00d8konomi, indk\u00f8b, omkostningsberegning, arbejdsforberedelse og menneskelige ressourcer.<\/li>\n<li>Du vil v\u00e6re aktivt involveret i arbejdet i de enkelte afdelinger og st\u00f8tte dine kolleger i den daglige drift.<\/li>\n<li>Du vil l\u00e6re at genkende sammenh\u00e6nge mellem tekniske og kommercielle processer og f\u00e5 en fornemmelse af, hvordan forskellige aktiviteter afh\u00e6nger af hinanden.<\/li>\n<li>Vi viser dig, hvordan du bruger forskellige IT-systemer sikkert og professionelt<\/li>\n<\/ul>\n\t\t\t\t\t\t\t\t<\/div>\n\t\t\t\t<\/div>\n\t\t\t\t\t<\/div>\n\t\t\t\t<\/div>\n\t\t<div class=\"elementor-element elementor-element-71cd9a7 e-grid e-con-boxed e-con e-parent\" data-id=\"71cd9a7\" data-element_type=\"container\">\n\t\t\t\t\t<div class=\"e-con-inner\">\n\t\t\t\t<div class=\"elementor-element elementor-element-0249ffa elementor-widget elementor-widget-text-editor\" data-id=\"0249ffa\" data-element_type=\"widget\" data-widget_type=\"text-editor.default\">\n\t\t\t\t<div class=\"elementor-widget-container\">\n\t\t\t\t\t\t\t\t\t<p><strong>Hvad du tager med dig<\/strong><\/p>\n<ul>\n<li>Meget god studentereksamen eller (specialiseret) A-niveau<\/li>\n<li>Studerende, der gerne vil nyorientere sig, er ogs\u00e5 velkomne<\/li>\n<li>Interesse for forretningsprocesser og teknisk forst\u00e5else<\/li>\n<li>Indledende kendskab til Word og Excel er en fordel<\/li>\n<li>Organisatorisk talent og st\u00e6rke kommunikationsevner<\/li>\n<\/ul>\n\t\t\t\t\t\t\t\t<\/div>\n\t\t\t\t<\/div>\n\t\t\t\t\t<\/div>\n\t\t\t\t<\/div>\n\t\t<div class=\"elementor-element elementor-element-713c9f9 e-grid e-con-boxed e-con e-parent\" data-id=\"713c9f9\" data-element_type=\"container\">\n\t\t\t\t\t<div class=\"e-con-inner\">\n\t\t\t\t<div class=\"elementor-element elementor-element-a216594 elementor-widget elementor-widget-text-editor\" data-id=\"a216594\" data-element_type=\"widget\" data-widget_type=\"text-editor.default\">\n\t\t\t\t<div class=\"elementor-widget-container\">\n\t\t\t\t\t\t\t\t\t<p><strong>Hvad vi tilbyder dig<\/strong><\/p>\n<ul>\n<li>Attraktivt uddannelsestill\u00e6g<\/li>\n<li>Garanteret ans\u00e6ttelse efter endt uddannelse<\/li>\n<li>Hvis du klarer dig godt, d\u00e6kker vi udgifterne til dit k\u00f8rekort.<\/li>\n<li>Intensiv st\u00f8tte og eksamensforberedelse<\/li>\n<li>Et velkendt arbejdsmilj\u00f8, hvor du kan f\u00f8le dig hjemme<\/li>\n<li>Regelm\u00e6ssige firmaarrangementer<\/li>\n<li>Egen medarbejder-app<\/li>\n<li>Tr\u00e6ningsprogrammet kan afkortes i tilf\u00e6lde af meget gode pr\u00e6stationer og engagement.<\/li>\n<\/ul>\n\t\t\t\t\t\t\t\t<\/div>\n\t\t\t\t<\/div>\n\t\t\t\t<div class=\"elementor-element elementor-element-208092c elementor-widget elementor-widget-spacer\" data-id=\"208092c\" data-element_type=\"widget\" data-widget_type=\"spacer.default\">\n\t\t\t\t<div class=\"elementor-widget-container\">\n\t\t\t\t\t\t\t<div class=\"elementor-spacer\">\n\t\t\t<div class=\"elementor-spacer-inner\"><\/div>\n\t\t<\/div>\n\t\t\t\t\t\t<\/div>\n\t\t\t\t<\/div>\n\t\t\t\t\t<\/div>\n\t\t\t\t<\/div>\n\t\t\t\t<\/div>\n\t\t","protected":false},"excerpt":{"rendered":"<p>L\u00e6rling industrimedarbejder (m\/k\/d) Er organisation noget for dig, og har du let ved at skabe nye kontakter? Uanset om det er kunder, leverand\u00f8rer eller medarbejdere &#8211; p\u00e5 telefonen, via e-mail eller personligt &#8211; vil du blive en vigtig kontaktflade i l\u00f8bet af den tre\u00e5rige uddannelse til industriekspedient! Hvad du vil l\u00e6re hos os Du vil [&hellip;]<\/p>\n","protected":false},"author":6,"featured_media":0,"parent":6359,"menu_order":0,"comment_status":"closed","ping_status":"closed","template":"","meta":{"inline_featured_image":false,"footnotes":""},"class_list":["post-6762","page","type-page","status-publish","hentry"],"yoast_head":"<!-- This site is optimized with the Yoast SEO plugin v26.6 - https:\/\/yoast.com\/wordpress\/plugins\/seo\/ -->\n<title>L\u00e6rling industrimedarbejder (m\/k\/d) - TL Concept GmbH<\/title>\n<meta name=\"robots\" content=\"index, follow, max-snippet:-1, max-image-preview:large, max-video-preview:-1\" \/>\n<link rel=\"canonical\" href=\"https:\/\/tlconcept.eu\/da\/karriere\/ausbildung\/laerling-industrimedarbejder-m-k-d\/\" \/>\n<meta property=\"og:locale\" content=\"da_DK\" \/>\n<meta property=\"og:type\" content=\"article\" \/>\n<meta property=\"og:title\" content=\"L\u00e6rling industrimedarbejder (m\/k\/d) - TL Concept GmbH\" \/>\n<meta property=\"og:description\" content=\"L\u00e6rling industrimedarbejder (m\/k\/d) Er organisation noget for dig, og har du let ved at skabe nye kontakter? Uanset om det er kunder, leverand\u00f8rer eller medarbejdere &#8211; p\u00e5 telefonen, via e-mail eller personligt &#8211; vil du blive en vigtig kontaktflade i l\u00f8bet af den tre\u00e5rige uddannelse til industriekspedient! Hvad du vil l\u00e6re hos os Du vil [&hellip;]\" \/>\n<meta property=\"og:url\" content=\"https:\/\/tlconcept.eu\/da\/karriere\/ausbildung\/laerling-industrimedarbejder-m-k-d\/\" \/>\n<meta property=\"og:site_name\" content=\"TL Concept GmbH\" \/>\n<meta property=\"article:modified_time\" content=\"2025-03-31T14:00:25+00:00\" \/>\n<meta name=\"twitter:card\" content=\"summary_large_image\" \/>\n<meta name=\"twitter:label1\" content=\"Estimeret l\u00e6setid\" \/>\n\t<meta name=\"twitter:data1\" content=\"1 minut\" \/>\n<script type=\"application\/ld+json\" class=\"yoast-schema-graph\">{\"@context\":\"https:\/\/schema.org\",\"@graph\":[{\"@type\":\"WebPage\",\"@id\":\"https:\/\/tlconcept.eu\/da\/karriere\/ausbildung\/laerling-industrimedarbejder-m-k-d\/\",\"url\":\"https:\/\/tlconcept.eu\/da\/karriere\/ausbildung\/laerling-industrimedarbejder-m-k-d\/\",\"name\":\"L\u00e6rling industrimedarbejder (m\/k\/d) - TL Concept GmbH\",\"isPartOf\":{\"@id\":\"https:\/\/tlconcept.eu\/da\/#website\"},\"datePublished\":\"2025-03-31T12:54:00+00:00\",\"dateModified\":\"2025-03-31T14:00:25+00:00\",\"breadcrumb\":{\"@id\":\"https:\/\/tlconcept.eu\/da\/karriere\/ausbildung\/laerling-industrimedarbejder-m-k-d\/#breadcrumb\"},\"inLanguage\":\"da-DK\",\"potentialAction\":[{\"@type\":\"ReadAction\",\"target\":[\"https:\/\/tlconcept.eu\/da\/karriere\/ausbildung\/laerling-industrimedarbejder-m-k-d\/\"]}]},{\"@type\":\"BreadcrumbList\",\"@id\":\"https:\/\/tlconcept.eu\/da\/karriere\/ausbildung\/laerling-industrimedarbejder-m-k-d\/#breadcrumb\",\"itemListElement\":[{\"@type\":\"ListItem\",\"position\":1,\"name\":\"Startseite\",\"item\":\"https:\/\/tlconcept.eu\/da\/startseite\/\"},{\"@type\":\"ListItem\",\"position\":2,\"name\":\"Karriere\",\"item\":\"https:\/\/tlconcept.eu\/da\/karriere\/\"},{\"@type\":\"ListItem\",\"position\":3,\"name\":\"Uddannelse\",\"item\":\"https:\/\/tlconcept.eu\/da\/karriere\/ausbildung\/\"},{\"@type\":\"ListItem\",\"position\":4,\"name\":\"L\u00e6rling industrimedarbejder (m\/k\/d)\"}]},{\"@type\":\"WebSite\",\"@id\":\"https:\/\/tlconcept.eu\/da\/#website\",\"url\":\"https:\/\/tlconcept.eu\/da\/\",\"name\":\"TL Concept GmbH\",\"description\":\"\",\"publisher\":{\"@id\":\"https:\/\/tlconcept.eu\/da\/#organization\"},\"potentialAction\":[{\"@type\":\"SearchAction\",\"target\":{\"@type\":\"EntryPoint\",\"urlTemplate\":\"https:\/\/tlconcept.eu\/da\/?s={search_term_string}\"},\"query-input\":{\"@type\":\"PropertyValueSpecification\",\"valueRequired\":true,\"valueName\":\"search_term_string\"}}],\"inLanguage\":\"da-DK\"},{\"@type\":\"Organization\",\"@id\":\"https:\/\/tlconcept.eu\/da\/#organization\",\"name\":\"TL Concept GmbH\",\"url\":\"https:\/\/tlconcept.eu\/da\/\",\"logo\":{\"@type\":\"ImageObject\",\"inLanguage\":\"da-DK\",\"@id\":\"https:\/\/tlconcept.eu\/da\/#\/schema\/logo\/image\/\",\"url\":\"https:\/\/tlconcept.eu\/wp-content\/uploads\/2023\/07\/TL-Concept-GmbH-Logo.png\",\"contentUrl\":\"https:\/\/tlconcept.eu\/wp-content\/uploads\/2023\/07\/TL-Concept-GmbH-Logo.png\",\"width\":1400,\"height\":308,\"caption\":\"TL Concept GmbH\"},\"image\":{\"@id\":\"https:\/\/tlconcept.eu\/da\/#\/schema\/logo\/image\/\"}}]}<\/script>\n<!-- \/ Yoast SEO plugin. -->","yoast_head_json":{"title":"L\u00e6rling industrimedarbejder (m\/k\/d) - TL Concept GmbH","robots":{"index":"index","follow":"follow","max-snippet":"max-snippet:-1","max-image-preview":"max-image-preview:large","max-video-preview":"max-video-preview:-1"},"canonical":"https:\/\/tlconcept.eu\/da\/karriere\/ausbildung\/laerling-industrimedarbejder-m-k-d\/","og_locale":"da_DK","og_type":"article","og_title":"L\u00e6rling industrimedarbejder (m\/k\/d) - TL Concept GmbH","og_description":"L\u00e6rling industrimedarbejder (m\/k\/d) Er organisation noget for dig, og har du let ved at skabe nye kontakter? Uanset om det er kunder, leverand\u00f8rer eller medarbejdere &#8211; p\u00e5 telefonen, via e-mail eller personligt &#8211; vil du blive en vigtig kontaktflade i l\u00f8bet af den tre\u00e5rige uddannelse til industriekspedient! Hvad du vil l\u00e6re hos os Du vil [&hellip;]","og_url":"https:\/\/tlconcept.eu\/da\/karriere\/ausbildung\/laerling-industrimedarbejder-m-k-d\/","og_site_name":"TL Concept GmbH","article_modified_time":"2025-03-31T14:00:25+00:00","twitter_card":"summary_large_image","twitter_misc":{"Estimeret l\u00e6setid":"1 minut"},"schema":{"@context":"https:\/\/schema.org","@graph":[{"@type":"WebPage","@id":"https:\/\/tlconcept.eu\/da\/karriere\/ausbildung\/laerling-industrimedarbejder-m-k-d\/","url":"https:\/\/tlconcept.eu\/da\/karriere\/ausbildung\/laerling-industrimedarbejder-m-k-d\/","name":"L\u00e6rling industrimedarbejder (m\/k\/d) - TL Concept GmbH","isPartOf":{"@id":"https:\/\/tlconcept.eu\/da\/#website"},"datePublished":"2025-03-31T12:54:00+00:00","dateModified":"2025-03-31T14:00:25+00:00","breadcrumb":{"@id":"https:\/\/tlconcept.eu\/da\/karriere\/ausbildung\/laerling-industrimedarbejder-m-k-d\/#breadcrumb"},"inLanguage":"da-DK","potentialAction":[{"@type":"ReadAction","target":["https:\/\/tlconcept.eu\/da\/karriere\/ausbildung\/laerling-industrimedarbejder-m-k-d\/"]}]},{"@type":"BreadcrumbList","@id":"https:\/\/tlconcept.eu\/da\/karriere\/ausbildung\/laerling-industrimedarbejder-m-k-d\/#breadcrumb","itemListElement":[{"@type":"ListItem","position":1,"name":"Startseite","item":"https:\/\/tlconcept.eu\/da\/startseite\/"},{"@type":"ListItem","position":2,"name":"Karriere","item":"https:\/\/tlconcept.eu\/da\/karriere\/"},{"@type":"ListItem","position":3,"name":"Uddannelse","item":"https:\/\/tlconcept.eu\/da\/karriere\/ausbildung\/"},{"@type":"ListItem","position":4,"name":"L\u00e6rling industrimedarbejder (m\/k\/d)"}]},{"@type":"WebSite","@id":"https:\/\/tlconcept.eu\/da\/#website","url":"https:\/\/tlconcept.eu\/da\/","name":"TL Concept GmbH","description":"","publisher":{"@id":"https:\/\/tlconcept.eu\/da\/#organization"},"potentialAction":[{"@type":"SearchAction","target":{"@type":"EntryPoint","urlTemplate":"https:\/\/tlconcept.eu\/da\/?s={search_term_string}"},"query-input":{"@type":"PropertyValueSpecification","valueRequired":true,"valueName":"search_term_string"}}],"inLanguage":"da-DK"},{"@type":"Organization","@id":"https:\/\/tlconcept.eu\/da\/#organization","name":"TL Concept GmbH","url":"https:\/\/tlconcept.eu\/da\/","logo":{"@type":"ImageObject","inLanguage":"da-DK","@id":"https:\/\/tlconcept.eu\/da\/#\/schema\/logo\/image\/","url":"https:\/\/tlconcept.eu\/wp-content\/uploads\/2023\/07\/TL-Concept-GmbH-Logo.png","contentUrl":"https:\/\/tlconcept.eu\/wp-content\/uploads\/2023\/07\/TL-Concept-GmbH-Logo.png","width":1400,"height":308,"caption":"TL Concept GmbH"},"image":{"@id":"https:\/\/tlconcept.eu\/da\/#\/schema\/logo\/image\/"}}]}},"_links":{"self":[{"href":"https:\/\/tlconcept.eu\/da\/wp-json\/wp\/v2\/pages\/6762","targetHints":{"allow":["GET"]}}],"collection":[{"href":"https:\/\/tlconcept.eu\/da\/wp-json\/wp\/v2\/pages"}],"about":[{"href":"https:\/\/tlconcept.eu\/da\/wp-json\/wp\/v2\/types\/page"}],"author":[{"embeddable":true,"href":"https:\/\/tlconcept.eu\/da\/wp-json\/wp\/v2\/users\/6"}],"replies":[{"embeddable":true,"href":"https:\/\/tlconcept.eu\/da\/wp-json\/wp\/v2\/comments?post=6762"}],"version-history":[{"count":1,"href":"https:\/\/tlconcept.eu\/da\/wp-json\/wp\/v2\/pages\/6762\/revisions"}],"predecessor-version":[{"id":6763,"href":"https:\/\/tlconcept.eu\/da\/wp-json\/wp\/v2\/pages\/6762\/revisions\/6763"}],"up":[{"embeddable":true,"href":"https:\/\/tlconcept.eu\/da\/wp-json\/wp\/v2\/pages\/6359"}],"wp:attachment":[{"href":"https:\/\/tlconcept.eu\/da\/wp-json\/wp\/v2\/media?parent=6762"}],"curies":[{"name":"wp","href":"https:\/\/api.w.org\/{rel}","templated":true}]}}