{"id":5148,"date":"2023-05-15T08:56:06","date_gmt":"2023-05-15T06:56:06","guid":{"rendered":"https:\/\/tlconcept.eu\/privacy-policy\/"},"modified":"2024-07-23T14:23:30","modified_gmt":"2024-07-23T12:23:30","slug":"privacy-policy","status":"publish","type":"page","link":"https:\/\/tlconcept.eu\/en\/privacy-policy\/","title":{"rendered":"Privacy policy"},"content":{"rendered":"\t\t<div data-elementor-type=\"wp-page\" data-elementor-id=\"5148\" class=\"elementor elementor-5148 elementor-3\">\n\t\t\t\t\t\t<section class=\"elementor-section elementor-top-section elementor-element elementor-element-c364087 elementor-section-height-min-height elementor-section-boxed elementor-section-height-default elementor-section-items-middle\" data-id=\"c364087\" data-element_type=\"section\" data-settings=\"{&quot;background_background&quot;:&quot;classic&quot;}\">\n\t\t\t\t\t\t<div class=\"elementor-container elementor-column-gap-default\">\n\t\t\t\t\t<div class=\"elementor-column elementor-col-100 elementor-top-column elementor-element elementor-element-b935a2a elementor-invisible\" data-id=\"b935a2a\" data-element_type=\"column\" data-settings=\"{&quot;animation&quot;:&quot;fadeIn&quot;}\">\n\t\t\t<div class=\"elementor-widget-wrap elementor-element-populated\">\n\t\t\t\t\t\t<div class=\"elementor-element elementor-element-b4565f9 elementor-invisible elementor-widget elementor-widget-text-editor\" data-id=\"b4565f9\" data-element_type=\"widget\" data-settings=\"{&quot;_animation&quot;:&quot;fadeIn&quot;}\" data-widget_type=\"text-editor.default\">\n\t\t\t\t<div class=\"elementor-widget-container\">\n\t\t\t\t\t\t\t\t\t<p>Privacy<\/p>\n\t\t\t\t\t\t\t\t<\/div>\n\t\t\t\t<\/div>\n\t\t\t\t<div class=\"elementor-element elementor-element-920f633 elementor-widget elementor-widget-heading\" data-id=\"920f633\" data-element_type=\"widget\" data-widget_type=\"heading.default\">\n\t\t\t\t<div class=\"elementor-widget-container\">\n\t\t\t\t\t<h4 class=\"elementor-heading-title elementor-size-default\">At TL Concept GmbH, we are aware of how important it is to protect your personal data. This privacy policy is intended to explain how we handle your data when you use our new WordPress website. <\/h4>\t\t\t\t<\/div>\n\t\t\t\t<\/div>\n\t\t\t\t\t<\/div>\n\t\t<\/div>\n\t\t\t\t\t<\/div>\n\t\t<\/section>\n\t\t\t\t<section class=\"elementor-section elementor-top-section elementor-element elementor-element-ec444b1 no-white-content elementor-section-boxed elementor-section-height-default elementor-section-height-default\" data-id=\"ec444b1\" data-element_type=\"section\">\n\t\t\t\t\t\t<div class=\"elementor-container elementor-column-gap-default\">\n\t\t\t\t\t<div class=\"elementor-column elementor-col-100 elementor-top-column elementor-element elementor-element-05c3e23\" data-id=\"05c3e23\" data-element_type=\"column\">\n\t\t\t<div class=\"elementor-widget-wrap elementor-element-populated\">\n\t\t\t\t\t\t\t<\/div>\n\t\t<\/div>\n\t\t\t\t\t<\/div>\n\t\t<\/section>\n\t\t<div class=\"elementor-element elementor-element-6c596ea e-flex e-con-boxed e-con e-parent\" data-id=\"6c596ea\" data-element_type=\"container\">\n\t\t\t\t\t<div class=\"e-con-inner\">\n\t\t\t\t<div class=\"elementor-element elementor-element-0c9a099 elementor-widget elementor-widget-text-editor\" data-id=\"0c9a099\" data-element_type=\"widget\" data-widget_type=\"text-editor.default\">\n\t\t\t\t<div class=\"elementor-widget-container\">\n\t\t\t\t\t\t\t\t\t<h4><strong>Responsible Entity<\/strong><\/h4> Die verantwortliche Stelle f\u00fcr die Verarbeitung Ihrer personenbezogenen Daten im Sinne der Datenschutz-Grundverordnung (DSGVO) ist: <strong>TL Concept GmbH<\/strong> &#8211; An der Novisol 2, 01665 Klipphausen Deutschland Tel.: <a href=\"tel:+4903520439240\">+49 (0) 35204 39 24-0<\/a> \/ Mail: <a href=\"mailto:info@tlconcept.eu\">info@tlconcept.eu<\/a> Bei Fragen oder Anliegen zum Datenschutz k\u00f6nnen Sie uns unter den oben genannten Kontaktdaten erreichen. <h4><strong>Collection and Use of Your Data<\/strong><\/h4>\n<strong>a) Personal data<\/strong> Personal data is information that relates to an identified or identifiable natural person. When you visit our website, we do not collect any personal data from you unless you provide it to us voluntarily (e.g. by filling out a contact form or sending an e-mail). In this case, we will only use your data to process your inquiries or to contact you. <strong>b) Server log files<\/strong> Every time you access our website, information is automatically stored in server log files. This data includes, for example, your IP address, the time of access, the browser used, the page accessed and similar information. This data is used for security purposes and to analyze the use of our website, but it is not used to identify you personally. <strong>c) Cookies<\/strong> Our website uses cookies to improve user-friendliness. Cookies are small text files that are stored on your end device when you visit our website. They enable us to recognize your browser on your next visit and to store certain information. You can control the use of cookies in your browser settings and deactivate them if necessary. Please note, however, that deactivating cookies may impair the functionality of our website.         <h4><strong>Disclosure of Your Data<\/strong><\/h4> We do not disclose your personal data to third parties unless it is necessary to fulfill your requests or to comply with legal obligations. <h4><strong>Data Security<\/strong><\/h4> We take appropriate technical and organizational measures to protect your data from loss, misuse, and unauthorized access. Our employees are committed to confidentiality.  <h4><strong>Your Rights<\/strong><\/h4> You have the right to obtain information about the processing of your personal data and, if necessary, request its correction, deletion, or restriction. You also have the right to object to the processing of your data and to withdraw your consent to processing. Please contact us to exercise your rights or if you have any further questions about data protection.   <h4><strong>6. Datenverarbeitung i.R.d. internen Meldestelle <\/br>nach Hinweisgeberschutzgesetz (HinSchG)<\/strong><\/h4> We offer various communication channels for whistleblowers to report suspected violations. Notices in this regard incl. Contact details for the reporting channels can be found on the premises of our company in places that are freely accessible to whistleblowers. Personal data may be processed in the process. The categories of personal data (name, telephone number, e-mail, position, etc.) depend on the person providing the information or the choice of communication channel. The data is processed exclusively for the purpose of reviewing and documenting the reports, for internal investigations (including disclosure to external lawyers, auditors or other professionals bound by professional secrecy as well as to responsible persons in other parts of the group of companies &#8211; if applicable) and, if necessary, for disclosure to state authorities (e.g. police, public prosecutor&#8217;s office or courts). The legal basis for the processing is the fulfillment of legal obligations in accordance with. Art. 6 para. 1 lit. c EU-DSGVO i.V.m. \u00a710 and \u00a712 HinSchG. We guarantee confidential processing to all persons providing information. This is based on the legal requirements of the Whistleblower Protection Act in \u00a78 and \u00a79. The storage period is 3 years after completion of a procedure. The criterion for the duration of the storage of personal data is the respective statutory retention period in accordance with \u00a711 HinSchG. \u00a711 HinSchG. After this period has expired, the corresponding data is routinely deleted. We use the service provider Datenschutz Consulting Dresden GmbH, Altmarkt 10c, 01067 Dresden, to provide the internal reporting office. This company manages the internal reporting office, provides legally required reporting channels and an expert ombudsperson. The legal basis for the processing is \u00a712 and \u00a714 HinSchG in conjunction with Art. 6 para. 1 lit. c EU GDPR. Further information on whistleblower protection can be found at <a href=\"https:\/\/www.gesetze-im-internet.de\/hinschg\">https:\/\/www.gesetze-im-internet.de\/hinschg\/<\/a>.                      <h4><strong>Changes to the Privacy Policy<\/strong><\/h4> Diese Datenschutzerkl\u00e4rung kann gelegentlich aktualisiert werden, um \u00c4nderungen in unserer Datenverarbeitungspraxis oder rechtlichen Anforderungen widerzuspiegeln. Bitte \u00fcberpr\u00fcfen Sie regelm\u00e4\u00dfig diese Seite, um \u00fcber etwaige \u00c4nderungen informiert zu bleiben. <strong>Stand: 07. Juli 2023<\/strong> Wir bedanken uns f\u00fcr Ihr Vertrauen und versichern Ihnen, dass wir Ihre Daten mit gr\u00f6\u00dfter Sorgfalt behandeln.  TL Concept GmbH\t\t\t\t\t\t\t\t<\/div>\n\t\t\t\t<\/div>\n\t\t\t\t\t<\/div>\n\t\t\t\t<\/div>\n\t\t\t\t<\/div>\n\t\t","protected":false},"excerpt":{"rendered":"<p>Privacy At TL Concept GmbH, we are aware of how important it is to protect your personal data. This privacy policy is intended to explain how we handle your data when you use our new WordPress website. Responsible Entity Die verantwortliche Stelle f\u00fcr die Verarbeitung Ihrer personenbezogenen Daten im Sinne der Datenschutz-Grundverordnung (DSGVO) ist: TL [&hellip;]<\/p>\n","protected":false},"author":1,"featured_media":0,"parent":0,"menu_order":0,"comment_status":"closed","ping_status":"open","template":"","meta":{"inline_featured_image":false,"footnotes":""},"class_list":["post-5148","page","type-page","status-publish","hentry"],"yoast_head":"<!-- This site is optimized with the Yoast SEO plugin v26.6 - https:\/\/yoast.com\/wordpress\/plugins\/seo\/ -->\n<title>Privacy policy - TL Concept GmbH<\/title>\n<meta name=\"robots\" content=\"index, follow, max-snippet:-1, max-image-preview:large, max-video-preview:-1\" \/>\n<link rel=\"canonical\" href=\"https:\/\/tlconcept.eu\/en\/privacy-policy\/\" \/>\n<meta property=\"og:locale\" content=\"en_US\" \/>\n<meta property=\"og:type\" content=\"article\" \/>\n<meta property=\"og:title\" content=\"Privacy policy - TL Concept GmbH\" \/>\n<meta property=\"og:description\" content=\"Privacy At TL Concept GmbH, we are aware of how important it is to protect your personal data. This privacy policy is intended to explain how we handle your data when you use our new WordPress website. Responsible Entity Die verantwortliche Stelle f\u00fcr die Verarbeitung Ihrer personenbezogenen Daten im Sinne der Datenschutz-Grundverordnung (DSGVO) ist: TL [&hellip;]\" \/>\n<meta property=\"og:url\" content=\"https:\/\/tlconcept.eu\/en\/privacy-policy\/\" \/>\n<meta property=\"og:site_name\" content=\"TL Concept GmbH\" \/>\n<meta property=\"article:modified_time\" content=\"2024-07-23T12:23:30+00:00\" \/>\n<meta name=\"twitter:card\" content=\"summary_large_image\" \/>\n<meta name=\"twitter:label1\" content=\"Est. reading time\" \/>\n\t<meta name=\"twitter:data1\" content=\"4 minutes\" \/>\n<script type=\"application\/ld+json\" class=\"yoast-schema-graph\">{\"@context\":\"https:\/\/schema.org\",\"@graph\":[{\"@type\":\"WebPage\",\"@id\":\"https:\/\/tlconcept.eu\/en\/privacy-policy\/\",\"url\":\"https:\/\/tlconcept.eu\/en\/privacy-policy\/\",\"name\":\"Privacy policy - TL Concept GmbH\",\"isPartOf\":{\"@id\":\"https:\/\/tlconcept.eu\/en\/#website\"},\"datePublished\":\"2023-05-15T06:56:06+00:00\",\"dateModified\":\"2024-07-23T12:23:30+00:00\",\"breadcrumb\":{\"@id\":\"https:\/\/tlconcept.eu\/en\/privacy-policy\/#breadcrumb\"},\"inLanguage\":\"en-US\",\"potentialAction\":[{\"@type\":\"ReadAction\",\"target\":[\"https:\/\/tlconcept.eu\/en\/privacy-policy\/\"]}]},{\"@type\":\"BreadcrumbList\",\"@id\":\"https:\/\/tlconcept.eu\/en\/privacy-policy\/#breadcrumb\",\"itemListElement\":[{\"@type\":\"ListItem\",\"position\":1,\"name\":\"Startseite\",\"item\":\"https:\/\/tlconcept.eu\/en\/startseite\/\"},{\"@type\":\"ListItem\",\"position\":2,\"name\":\"Privacy policy\"}]},{\"@type\":\"WebSite\",\"@id\":\"https:\/\/tlconcept.eu\/en\/#website\",\"url\":\"https:\/\/tlconcept.eu\/en\/\",\"name\":\"TL Concept GmbH\",\"description\":\"\",\"publisher\":{\"@id\":\"https:\/\/tlconcept.eu\/en\/#organization\"},\"potentialAction\":[{\"@type\":\"SearchAction\",\"target\":{\"@type\":\"EntryPoint\",\"urlTemplate\":\"https:\/\/tlconcept.eu\/en\/?s={search_term_string}\"},\"query-input\":{\"@type\":\"PropertyValueSpecification\",\"valueRequired\":true,\"valueName\":\"search_term_string\"}}],\"inLanguage\":\"en-US\"},{\"@type\":\"Organization\",\"@id\":\"https:\/\/tlconcept.eu\/en\/#organization\",\"name\":\"TL Concept GmbH\",\"url\":\"https:\/\/tlconcept.eu\/en\/\",\"logo\":{\"@type\":\"ImageObject\",\"inLanguage\":\"en-US\",\"@id\":\"https:\/\/tlconcept.eu\/en\/#\/schema\/logo\/image\/\",\"url\":\"https:\/\/tlconcept.eu\/wp-content\/uploads\/2023\/07\/TL-Concept-GmbH-Logo.png\",\"contentUrl\":\"https:\/\/tlconcept.eu\/wp-content\/uploads\/2023\/07\/TL-Concept-GmbH-Logo.png\",\"width\":1400,\"height\":308,\"caption\":\"TL Concept GmbH\"},\"image\":{\"@id\":\"https:\/\/tlconcept.eu\/en\/#\/schema\/logo\/image\/\"}}]}<\/script>\n<!-- \/ Yoast SEO plugin. -->","yoast_head_json":{"title":"Privacy policy - TL Concept GmbH","robots":{"index":"index","follow":"follow","max-snippet":"max-snippet:-1","max-image-preview":"max-image-preview:large","max-video-preview":"max-video-preview:-1"},"canonical":"https:\/\/tlconcept.eu\/en\/privacy-policy\/","og_locale":"en_US","og_type":"article","og_title":"Privacy policy - TL Concept GmbH","og_description":"Privacy At TL Concept GmbH, we are aware of how important it is to protect your personal data. This privacy policy is intended to explain how we handle your data when you use our new WordPress website. Responsible Entity Die verantwortliche Stelle f\u00fcr die Verarbeitung Ihrer personenbezogenen Daten im Sinne der Datenschutz-Grundverordnung (DSGVO) ist: TL [&hellip;]","og_url":"https:\/\/tlconcept.eu\/en\/privacy-policy\/","og_site_name":"TL Concept GmbH","article_modified_time":"2024-07-23T12:23:30+00:00","twitter_card":"summary_large_image","twitter_misc":{"Est. reading time":"4 minutes"},"schema":{"@context":"https:\/\/schema.org","@graph":[{"@type":"WebPage","@id":"https:\/\/tlconcept.eu\/en\/privacy-policy\/","url":"https:\/\/tlconcept.eu\/en\/privacy-policy\/","name":"Privacy policy - TL Concept GmbH","isPartOf":{"@id":"https:\/\/tlconcept.eu\/en\/#website"},"datePublished":"2023-05-15T06:56:06+00:00","dateModified":"2024-07-23T12:23:30+00:00","breadcrumb":{"@id":"https:\/\/tlconcept.eu\/en\/privacy-policy\/#breadcrumb"},"inLanguage":"en-US","potentialAction":[{"@type":"ReadAction","target":["https:\/\/tlconcept.eu\/en\/privacy-policy\/"]}]},{"@type":"BreadcrumbList","@id":"https:\/\/tlconcept.eu\/en\/privacy-policy\/#breadcrumb","itemListElement":[{"@type":"ListItem","position":1,"name":"Startseite","item":"https:\/\/tlconcept.eu\/en\/startseite\/"},{"@type":"ListItem","position":2,"name":"Privacy policy"}]},{"@type":"WebSite","@id":"https:\/\/tlconcept.eu\/en\/#website","url":"https:\/\/tlconcept.eu\/en\/","name":"TL Concept GmbH","description":"","publisher":{"@id":"https:\/\/tlconcept.eu\/en\/#organization"},"potentialAction":[{"@type":"SearchAction","target":{"@type":"EntryPoint","urlTemplate":"https:\/\/tlconcept.eu\/en\/?s={search_term_string}"},"query-input":{"@type":"PropertyValueSpecification","valueRequired":true,"valueName":"search_term_string"}}],"inLanguage":"en-US"},{"@type":"Organization","@id":"https:\/\/tlconcept.eu\/en\/#organization","name":"TL Concept GmbH","url":"https:\/\/tlconcept.eu\/en\/","logo":{"@type":"ImageObject","inLanguage":"en-US","@id":"https:\/\/tlconcept.eu\/en\/#\/schema\/logo\/image\/","url":"https:\/\/tlconcept.eu\/wp-content\/uploads\/2023\/07\/TL-Concept-GmbH-Logo.png","contentUrl":"https:\/\/tlconcept.eu\/wp-content\/uploads\/2023\/07\/TL-Concept-GmbH-Logo.png","width":1400,"height":308,"caption":"TL Concept GmbH"},"image":{"@id":"https:\/\/tlconcept.eu\/en\/#\/schema\/logo\/image\/"}}]}},"_links":{"self":[{"href":"https:\/\/tlconcept.eu\/en\/wp-json\/wp\/v2\/pages\/5148","targetHints":{"allow":["GET"]}}],"collection":[{"href":"https:\/\/tlconcept.eu\/en\/wp-json\/wp\/v2\/pages"}],"about":[{"href":"https:\/\/tlconcept.eu\/en\/wp-json\/wp\/v2\/types\/page"}],"author":[{"embeddable":true,"href":"https:\/\/tlconcept.eu\/en\/wp-json\/wp\/v2\/users\/1"}],"replies":[{"embeddable":true,"href":"https:\/\/tlconcept.eu\/en\/wp-json\/wp\/v2\/comments?post=5148"}],"version-history":[{"count":1,"href":"https:\/\/tlconcept.eu\/en\/wp-json\/wp\/v2\/pages\/5148\/revisions"}],"predecessor-version":[{"id":5149,"href":"https:\/\/tlconcept.eu\/en\/wp-json\/wp\/v2\/pages\/5148\/revisions\/5149"}],"wp:attachment":[{"href":"https:\/\/tlconcept.eu\/en\/wp-json\/wp\/v2\/media?parent=5148"}],"curies":[{"name":"wp","href":"https:\/\/api.w.org\/{rel}","templated":true}]}}